{"id":5059,"date":"2023-09-06T07:27:05","date_gmt":"2023-09-06T07:27:05","guid":{"rendered":"https:\/\/fewordpress.live-website.com\/?page_id=5059"},"modified":"2023-11-26T09:47:22","modified_gmt":"2023-11-26T09:47:22","slug":"agb","status":"publish","type":"page","link":"https:\/\/freiburgerleben.de\/es\/agb\/","title":{"rendered":"GTC"},"content":{"rendered":"<div data-elementor-type=\"wp-page\" data-elementor-id=\"5059\" class=\"elementor elementor-5059\" data-elementor-post-type=\"page\">\n\t\t\t\t\t\t\t\t\t<section class=\"elementor-section elementor-top-section elementor-element elementor-element-867db90 elementor-section-boxed elementor-section-height-default elementor-section-height-default\" data-id=\"867db90\" data-element_type=\"section\" data-settings=\"{&quot;background_background&quot;:&quot;classic&quot;}\">\n\t\t\t\t\t\t<div class=\"elementor-container elementor-column-gap-default\">\n\t\t\t\t\t<div class=\"elementor-column elementor-col-100 elementor-top-column elementor-element elementor-element-8524743\" data-id=\"8524743\" data-element_type=\"column\">\n\t\t\t<div class=\"elementor-widget-wrap elementor-element-populated\">\n\t\t\t\t\t\t\t\t<div class=\"elementor-element elementor-element-dd0883b dual-color elementor-widget elementor-widget-heading\" data-id=\"dd0883b\" data-element_type=\"widget\" data-widget_type=\"heading.default\">\n\t\t\t\t<div class=\"elementor-widget-container\">\n\t\t\t<style>\/*! elementor - v3.15.0 - 20-08-2023 *\/\n.elementor-heading-title{padding:0;margin:0;line-height:1}.elementor-widget-heading .elementor-heading-title[class*=elementor-size-]>a{color:inherit;font-size:inherit;line-height:inherit}.elementor-widget-heading .elementor-heading-title.elementor-size-small{font-size:15px}.elementor-widget-heading .elementor-heading-title.elementor-size-medium{font-size:19px}.elementor-widget-heading .elementor-heading-title.elementor-size-large{font-size:29px}.elementor-widget-heading .elementor-heading-title.elementor-size-xl{font-size:39px}.elementor-widget-heading .elementor-heading-title.elementor-size-xxl{font-size:59px}<\/style><h3 class=\"elementor-heading-title elementor-size-default\">Condiciones generales de contrataci\u00f3n (AGB)<\/h3>\t\t<\/div>\n\t\t\t\t<\/div>\n\t\t\t\t<div class=\"elementor-element elementor-element-9afa9f8 elementor-widget elementor-widget-text-editor\" data-id=\"9afa9f8\" data-element_type=\"widget\" data-widget_type=\"text-editor.default\">\n\t\t\t\t<div class=\"elementor-widget-container\">\n\t\t\t<style>\/*! elementor - v3.15.0 - 20-08-2023 *\/\n.elementor-widget-text-editor.elementor-drop-cap-view-stacked .elementor-drop-cap{background-color:#69727d;color:#fff}.elementor-widget-text-editor.elementor-drop-cap-view-framed .elementor-drop-cap{color:#69727d;border:3px solid;background-color:transparent}.elementor-widget-text-editor:not(.elementor-drop-cap-view-default) .elementor-drop-cap{margin-top:8px}.elementor-widget-text-editor:not(.elementor-drop-cap-view-default) .elementor-drop-cap-letter{width:1em;height:1em}.elementor-widget-text-editor .elementor-drop-cap{float:left;text-align:center;line-height:1;font-size:50px}.elementor-widget-text-editor .elementor-drop-cap-letter{display:inline-block}<\/style>\t\t\t\t<p>Las siguientes condiciones regulan la relaci\u00f3n jur\u00eddica para todos los recorridos urbanos y excursiones entre el cliente y \"Freiburgerleben\" y complementan las normas de viaje del \u00a7 651a I BGB. El cliente las reconoce con la reserva.<\/p>\n<ol>\n<li><b>CELEBRACI\u00d3N DEL CONTRATO<\/b><\/li>\n<\/ol>\n<p>Los pedidos realizados verbalmente s\u00f3lo ser\u00e1n efectivos tras la confirmaci\u00f3n por escrito de \"Freiburgerleben\". El contrato se perfecciona con la confirmaci\u00f3n por escrito de la reserva por parte de \"Freiburgerleben\". Los deseos especiales del cliente deber\u00e1n ser confirmados expresamente por escrito por \"Freiburgerleben\". En caso contrario, no formar\u00e1n parte del contrato.<\/p>\n<ol start=\"2\">\n<li><b>RENDIMIENTO<\/b><\/li>\n<\/ol>\n<p>El alcance y la naturaleza de los servicios contractuales se basan exclusivamente en la informaci\u00f3n que figura en la confirmaci\u00f3n y en la descripci\u00f3n de servicios del programa \"Freiburgerleben\" vigente en el momento de la excursi\u00f3n\/viaje. Nos reservamos el derecho a realizar cambios en esta informaci\u00f3n mediante las notificaciones correspondientes antes de la celebraci\u00f3n del contrato. Los precios aplicables figuran en nuestras listas de precios vigentes. Los precios no incluyen las entradas a los museos. El tama\u00f1o m\u00e1ximo del grupo es de 25 personas. Si son 26 personas, deber\u00e1 contratarse un segundo gu\u00eda tur\u00edstico. Nos reservamos el derecho a realizar cambios a corto plazo en los servicios individuales durante una visita guiada\/excursi\u00f3n debido a circunstancias locales imprevisibles (por ejemplo, servicio religioso, condiciones meteorol\u00f3gicas, etc.) o debido a retrasos de los que \"Freiburgerleben\" no es responsable o a los deseos de los participantes. Las excursiones organizadas por \"Freiburgerleben\" se realizan con cualquier tiempo. No obstante, \"Freiburgerleben\" se esforzar\u00e1 por organizar un programa alternativo a petici\u00f3n del cliente. Los costes del programa alternativo (por ejemplo, visita a un museo) correr\u00e1n a cargo del cliente. El gu\u00eda tur\u00edstico esperar\u00e1 30 minutos en el punto de encuentro acordado. Si el cliente se retrasa, no tendr\u00e1 derecho a una pr\u00f3rroga de la visita ni a una reducci\u00f3n del precio. Si el gu\u00eda tur\u00edstico no ha llegado al punto de encuentro 15 minutos despu\u00e9s del inicio acordado de la visita, como muy tarde, haremos lo posible por encontrarle otro gu\u00eda tur\u00edstico.<\/p>\n<ol start=\"3\">\n<li><b>PAGO<\/b><\/li>\n<\/ol>\n<p>Cuando confirme la celebraci\u00f3n del contrato, \"Freiburgerleben\" le enviar\u00e1 tambi\u00e9n una factura. El importe indicado deber\u00e1 abonarse antes de utilizar la excursi\u00f3n.<\/p>\n<ol start=\"4\">\n<li><b>CANCELACI\u00d3N Y NUEVA RESERVA POR PARTE DEL CLIENTE<\/b><\/li>\n<\/ol>\n<p>El cliente puede cancelar sin cargo alguno hasta un m\u00e1ximo de 7 d\u00edas antes del viaje. En caso de cancelaci\u00f3n entre el 2\u00ba y el 6\u00ba d\u00eda antes del viaje, se cobrar\u00e1 50% del coste del viaje. A partir de un d\u00eda antes del viaje, se cobrar\u00e1 el importe total. Se cobrar\u00e1 un m\u00ednimo de 10 euros en caso de cancelaci\u00f3n.&nbsp;<\/p>\n<p>Para las visitas gastron\u00f3micas, el n\u00famero de participantes puede reducirse en un m\u00e1ximo de 10% hasta 3 d\u00edas antes de la visita.&nbsp;<span style=\"font-style: inherit; font-weight: inherit; color: var( --e-global-color-text );\">El n\u00famero m\u00ednimo de participantes no debe ser inferior a 10 invitados.<\/span><\/p>\n<p><o:p><\/o:p><\/p>\n<ol start=\"5\">\n<li><b>RENUNCIA Y CANCELACI\u00d3N DE \"Freiburgerleben<\/b><\/li>\n<\/ol>\n<p>\"Freiburgerleben\" podr\u00e1 rescindir el contrato antes del inicio del viaje o anularlo despu\u00e9s del inicio del viaje en los siguientes casos:<\/p>\n<p>a) sin previo aviso, si el cliente perturba de forma persistente la ejecuci\u00f3n del tour\/viaje a pesar de una advertencia de \"Freiburgerleben\" o si se comporta de forma significativamente contraria al contrato, estar\u00e1 justificada la rescisi\u00f3n inmediata del contrato.<\/p>\n<p>b) sin previo aviso en caso de circunstancias excepcionales, como la cancelaci\u00f3n imprevisible de un gu\u00eda tur\u00edstico. Se reembolsar\u00e1 inmediatamente al cliente el importe ya abonado.<\/p>\n<p>c) Tanto \"Freiburgerleben\" como el cliente podr\u00e1n rescindir el contrato si el viaje se ve dificultado, comprometido o perjudicado por causas de fuerza mayor imprevisibles en el momento de la celebraci\u00f3n del contrato.<\/p>\n<ol start=\"6\">\n<li><b>RESPONSABILIDAD<\/b><\/li>\n<\/ol>\n<p>6.1 \"Freiburgerleben\" es responsable en el \u00e1mbito del deber de diligencia de un empresario prudente por:<\/p>\n<p>a. preparaci\u00f3n concienzuda del viaje;<\/p>\n<p>b. la cuidadosa selecci\u00f3n y supervisi\u00f3n de los proveedores de servicios;<\/p>\n<p>c. la correcta prestaci\u00f3n de los servicios de viaje acordados contractualmente.<\/p>\n<p>La participaci\u00f3n en las visitas guiadas\/excursiones es bajo su propio riesgo y responsabilidad (por ejemplo, B\u00e4chle). Cada participante es responsable de cumplir las normas de tr\u00e1fico. Los menores de edad pueden participar si van acompa\u00f1ados de uno de sus padres o de un tutor o profesor que est\u00e9 obligado a supervisarlos. Los participantes se comprometen a seguir las instrucciones del gu\u00eda tur\u00edstico en los recorridos y a no actuar por cuenta propia. \"Freiburgerleben\" no se hace responsable de los defectos de terceros. \"Freiburgerleben\" s\u00f3lo es responsable de los da\u00f1os causados por un incumplimiento de contrato intencionado o por negligencia grave del propio gu\u00eda tur\u00edstico o de sus auxiliares ejecutivos. La limitaci\u00f3n de responsabilidad no se aplica a los da\u00f1os resultantes de lesiones a la vida, el cuerpo o la salud, que se basan en un incumplimiento negligente del deber por parte del usuario o un incumplimiento intencional o negligente del deber por parte de un representante legal o agente auxiliar del usuario. En todos los dem\u00e1s casos, la responsabilidad del gu\u00eda tur\u00edstico se refiere exclusivamente al cumplimiento del alcance acordado de los servicios y se limita al importe m\u00e1ximo de la tarifa del viaje. El cliente est\u00e1 obligado a cooperar en caso de interrupci\u00f3n del servicio, para evitar posibles da\u00f1os o reducirlos al m\u00ednimo, en la medida en que ello sea razonable. En particular, el viajero est\u00e1 obligado a poner sin demora cualquier queja en conocimiento del gu\u00eda tur\u00edstico responsable in situ. Si el cliente omite de forma culposa comunicar un defecto al gu\u00eda tur\u00edstico in situ y era razonable esperar que lo hiciera, no tendr\u00e1 derecho a reclamaci\u00f3n alguna al respecto.<\/p>\n<ol start=\"7\">\n<li><b>PRESCRIPCI\u00d3N, PROHIBICI\u00d3N DE CESI\u00d3N<\/b><\/li>\n<\/ol>\n<p>Las reclamaciones del cliente prescribir\u00e1n a los seis meses. El plazo de prescripci\u00f3n comienza el d\u00eda en que deber\u00eda finalizar el viaje seg\u00fan el contrato. Si el cliente ha hecho valer tales reclamaciones, el plazo de prescripci\u00f3n quedar\u00e1 suspendido hasta el d\u00eda en que \"Freiburgerleben\" rechace las reclamaciones por escrito.<\/p>\n<ol start=\"8\">\n<li><b>GENERAL<\/b><\/li>\n<\/ol>\n<p>Con la publicaci\u00f3n de nuevos folletos, todas nuestras publicaciones anteriores sobre los mismos recorridos, precios y fechas pierden su validez. No se aceptar\u00e1 responsabilidad alguna por errores de impresi\u00f3n o c\u00e1lculo. La invalidez de cualquier parte de estas condiciones no afectar\u00e1 a la validez de las disposiciones restantes.<\/p>\n<ol start=\"9\">\n<li><b>TRIBUNAL ESTADO<\/b><\/li>\n<\/ol>\n<p>Para los comerciantes, para las personas que no tengan un fuero general en Alemania, as\u00ed como para las personas que hayan trasladado su domicilio o residencia al extranjero tras la celebraci\u00f3n del contrato o cuyo domicilio o residencia habitual se desconozca en el momento de interponer la demanda, se acuerda Friburgo de Brisgovia como fuero competente, en la medida en que la ley lo permita. Todos los socios contractuales reconocen el derecho alem\u00e1n. Estas CGC se aplican desde el 1 de enero de 2018<\/p>\t\t\t\t\t\t<\/div>\n\t\t\t\t<\/div>\n\t\t\t\t\t<\/div>\n\t\t<\/div>\n\t\t\t\t\t\t\t<\/div>\n\t\t<\/section>\n\t\t\t\t\t\t\t<\/div>","protected":false},"excerpt":{"rendered":"<p>Los siguientes t\u00e9rminos y condiciones regulan la relaci\u00f3n jur\u00eddica para todos los recorridos urbanos y excursiones entre el cliente y \"Freiburgerleben\" y complementan las disposiciones de la ley de viajes del \u00a7 651a I BGB. El cliente las reconoce con la reserva. CONCLUSI\u00d3N DEL CONTRATO Los pedidos realizados verbalmente s\u00f3lo ser\u00e1n efectivos tras la confirmaci\u00f3n por escrito por parte de \"Freiburgerleben\". El contrato se perfecciona ...<\/p>\n<p class=\"read-more\"> <a class=\"\" href=\"https:\/\/freiburgerleben.de\/es\/agb\/\"> <span class=\"screen-reader-text\">GTC<\/span> Vaciar m\u00e1s \"<\/a><\/p>","protected":false},"author":1,"featured_media":0,"parent":0,"menu_order":0,"comment_status":"closed","ping_status":"closed","template":"","meta":{"site-sidebar-layout":"no-sidebar","site-content-layout":"page-builder","ast-site-content-layout":"","site-content-style":"default","site-sidebar-style":"default","ast-global-header-display":"","ast-banner-title-visibility":"","ast-main-header-display":"","ast-hfb-above-header-display":"","ast-hfb-below-header-display":"","ast-hfb-mobile-header-display":"","site-post-title":"disabled","ast-breadcrumbs-content":"","ast-featured-img":"disabled","footer-sml-layout":"","theme-transparent-header-meta":"","adv-header-id-meta":"","stick-header-meta":"","header-above-stick-meta":"","header-main-stick-meta":"","header-below-stick-meta":"","astra-migrate-meta-layouts":"","footnotes":""},"class_list":["post-5059","page","type-page","status-publish","hentry"],"acf":[],"yoast_head":"<!-- This site is optimized with the Yoast SEO plugin v21.1 - https:\/\/yoast.com\/wordpress\/plugins\/seo\/ -->\n<title>AGB - Freiburgerleben<\/title>\n<meta name=\"robots\" content=\"index, follow, max-snippet:-1, max-image-preview:large, max-video-preview:-1\" \/>\n<link rel=\"canonical\" href=\"https:\/\/freiburgerleben.de\/es\/agb\/\" \/>\n<meta property=\"og:locale\" content=\"es_ES\" \/>\n<meta property=\"og:type\" content=\"article\" \/>\n<meta property=\"og:title\" content=\"AGB - Freiburgerleben\" \/>\n<meta property=\"og:description\" content=\"Allgemeine Gesch\u00e4ftsbedingungen (AGB) Die nachfolgenden Bedingungen regeln das Rechtsverh\u00e4ltnis f\u00fcr alle Stadtf\u00fchrungen und Ausflugsfahrten zwischen den Kunden und &#8222;Freiburgerleben&#8220; und erg\u00e4nzen die reiserechtlichen Vorschriften des \u00a7 651a I BGB. Sie werden von dem Kunden mit der Buchung anerkannt. VERTRAGSABSCHLUSS M\u00fcndliche erteilte Auftr\u00e4ge erlangen erst nach schriftlicher Best\u00e4tigung durch &#8222;Freiburgerleben&#8220; Wirksamkeit. Der Vertrag kommt durch die &hellip; AGB Leer m\u00e1s &raquo;\" \/>\n<meta property=\"og:url\" content=\"https:\/\/freiburgerleben.de\/es\/agb\/\" \/>\n<meta property=\"og:site_name\" content=\"Freiburgerleben\" \/>\n<meta property=\"article:publisher\" content=\"https:\/\/www.facebook.com\/freiburgerleben\" \/>\n<meta property=\"article:modified_time\" content=\"2023-11-26T09:47:22+00:00\" \/>\n<meta name=\"twitter:label1\" content=\"Tiempo de lectura\" \/>\n\t<meta name=\"twitter:data1\" content=\"5 minutos\" \/>\n<script type=\"application\/ld+json\" class=\"yoast-schema-graph\">{\"@context\":\"https:\/\/schema.org\",\"@graph\":[{\"@type\":\"WebPage\",\"@id\":\"https:\/\/freiburgerleben.de\/agb\/\",\"url\":\"https:\/\/freiburgerleben.de\/agb\/\",\"name\":\"AGB - Freiburgerleben\",\"isPartOf\":{\"@id\":\"https:\/\/freiburgerleben.de\/#website\"},\"datePublished\":\"2023-09-06T07:27:05+00:00\",\"dateModified\":\"2023-11-26T09:47:22+00:00\",\"inLanguage\":\"es\",\"potentialAction\":[{\"@type\":\"ReadAction\",\"target\":[\"https:\/\/freiburgerleben.de\/agb\/\"]}]},{\"@type\":\"WebSite\",\"@id\":\"https:\/\/freiburgerleben.de\/#website\",\"url\":\"https:\/\/freiburgerleben.de\/\",\"name\":\"Freiburgerleben\",\"description\":\"Kulinarische Stadtf\u00fchrungen in Freiburg\",\"publisher\":{\"@id\":\"https:\/\/freiburgerleben.de\/#organization\"},\"potentialAction\":[{\"@type\":\"SearchAction\",\"target\":{\"@type\":\"EntryPoint\",\"urlTemplate\":\"https:\/\/freiburgerleben.de\/?s={search_term_string}\"},\"query-input\":\"required name=search_term_string\"}],\"inLanguage\":\"es\"},{\"@type\":\"Organization\",\"@id\":\"https:\/\/freiburgerleben.de\/#organization\",\"name\":\"Freiburgerleben\",\"url\":\"https:\/\/freiburgerleben.de\/\",\"logo\":{\"@type\":\"ImageObject\",\"inLanguage\":\"es\",\"@id\":\"https:\/\/freiburgerleben.de\/#\/schema\/logo\/image\/\",\"url\":\"https:\/\/fewordpress.live-website.com\/wp-content\/uploads\/2023\/04\/Freiburgerleben.png\",\"contentUrl\":\"https:\/\/fewordpress.live-website.com\/wp-content\/uploads\/2023\/04\/Freiburgerleben.png\",\"width\":512,\"height\":512,\"caption\":\"Freiburgerleben\"},\"image\":{\"@id\":\"https:\/\/freiburgerleben.de\/#\/schema\/logo\/image\/\"},\"sameAs\":[\"https:\/\/www.facebook.com\/freiburgerleben\",\"https:\/\/www.instagram.com\/freiburgerleben\/\"]}]}<\/script>\n<!-- \/ Yoast SEO plugin. -->","yoast_head_json":{"title":"AGB - Freiburgerleben","robots":{"index":"index","follow":"follow","max-snippet":"max-snippet:-1","max-image-preview":"max-image-preview:large","max-video-preview":"max-video-preview:-1"},"canonical":"https:\/\/freiburgerleben.de\/es\/agb\/","og_locale":"es_ES","og_type":"article","og_title":"AGB - Freiburgerleben","og_description":"Allgemeine Gesch\u00e4ftsbedingungen (AGB) Die nachfolgenden Bedingungen regeln das Rechtsverh\u00e4ltnis f\u00fcr alle Stadtf\u00fchrungen und Ausflugsfahrten zwischen den Kunden und &#8222;Freiburgerleben&#8220; und erg\u00e4nzen die reiserechtlichen Vorschriften des \u00a7 651a I BGB. Sie werden von dem Kunden mit der Buchung anerkannt. VERTRAGSABSCHLUSS M\u00fcndliche erteilte Auftr\u00e4ge erlangen erst nach schriftlicher Best\u00e4tigung durch &#8222;Freiburgerleben&#8220; Wirksamkeit. Der Vertrag kommt durch die &hellip; AGB Leer m\u00e1s &raquo;","og_url":"https:\/\/freiburgerleben.de\/es\/agb\/","og_site_name":"Freiburgerleben","article_publisher":"https:\/\/www.facebook.com\/freiburgerleben","article_modified_time":"2023-11-26T09:47:22+00:00","twitter_misc":{"Tiempo de lectura":"5 minutos"},"schema":{"@context":"https:\/\/schema.org","@graph":[{"@type":"WebPage","@id":"https:\/\/freiburgerleben.de\/agb\/","url":"https:\/\/freiburgerleben.de\/agb\/","name":"AGB - Freiburgerleben","isPartOf":{"@id":"https:\/\/freiburgerleben.de\/#website"},"datePublished":"2023-09-06T07:27:05+00:00","dateModified":"2023-11-26T09:47:22+00:00","inLanguage":"es","potentialAction":[{"@type":"ReadAction","target":["https:\/\/freiburgerleben.de\/agb\/"]}]},{"@type":"WebSite","@id":"https:\/\/freiburgerleben.de\/#website","url":"https:\/\/freiburgerleben.de\/","name":"Freiburgerleben","description":"Kulinarische Stadtf\u00fchrungen in Freiburg","publisher":{"@id":"https:\/\/freiburgerleben.de\/#organization"},"potentialAction":[{"@type":"SearchAction","target":{"@type":"EntryPoint","urlTemplate":"https:\/\/freiburgerleben.de\/?s={search_term_string}"},"query-input":"required name=search_term_string"}],"inLanguage":"es"},{"@type":"Organization","@id":"https:\/\/freiburgerleben.de\/#organization","name":"Freiburgerleben","url":"https:\/\/freiburgerleben.de\/","logo":{"@type":"ImageObject","inLanguage":"es","@id":"https:\/\/freiburgerleben.de\/#\/schema\/logo\/image\/","url":"https:\/\/fewordpress.live-website.com\/wp-content\/uploads\/2023\/04\/Freiburgerleben.png","contentUrl":"https:\/\/fewordpress.live-website.com\/wp-content\/uploads\/2023\/04\/Freiburgerleben.png","width":512,"height":512,"caption":"Freiburgerleben"},"image":{"@id":"https:\/\/freiburgerleben.de\/#\/schema\/logo\/image\/"},"sameAs":["https:\/\/www.facebook.com\/freiburgerleben","https:\/\/www.instagram.com\/freiburgerleben\/"]}]}},"_links":{"self":[{"href":"https:\/\/freiburgerleben.de\/es\/wp-json\/wp\/v2\/pages\/5059","targetHints":{"allow":["GET"]}}],"collection":[{"href":"https:\/\/freiburgerleben.de\/es\/wp-json\/wp\/v2\/pages"}],"about":[{"href":"https:\/\/freiburgerleben.de\/es\/wp-json\/wp\/v2\/types\/page"}],"author":[{"embeddable":true,"href":"https:\/\/freiburgerleben.de\/es\/wp-json\/wp\/v2\/users\/1"}],"replies":[{"embeddable":true,"href":"https:\/\/freiburgerleben.de\/es\/wp-json\/wp\/v2\/comments?post=5059"}],"version-history":[{"count":14,"href":"https:\/\/freiburgerleben.de\/es\/wp-json\/wp\/v2\/pages\/5059\/revisions"}],"predecessor-version":[{"id":5313,"href":"https:\/\/freiburgerleben.de\/es\/wp-json\/wp\/v2\/pages\/5059\/revisions\/5313"}],"wp:attachment":[{"href":"https:\/\/freiburgerleben.de\/es\/wp-json\/wp\/v2\/media?parent=5059"}],"curies":[{"name":"wp","href":"https:\/\/api.w.org\/{rel}","templated":true}]}}