{"id":5314,"date":"2023-11-26T09:48:18","date_gmt":"2023-11-26T09:48:18","guid":{"rendered":"https:\/\/freiburgerleben.de\/?page_id=5314"},"modified":"2024-08-01T02:05:52","modified_gmt":"2024-08-01T02:05:52","slug":"agb-baechlepicknick","status":"publish","type":"page","link":"https:\/\/freiburgerleben.de\/es\/agb-baechlepicknick\/","title":{"rendered":"AGB - B\u00e4chlepicknick"},"content":{"rendered":"<div data-elementor-type=\"wp-page\" data-elementor-id=\"5314\" class=\"elementor elementor-5314\" data-elementor-post-type=\"page\">\n\t\t\t\t\t\t\t\t\t<section class=\"elementor-section elementor-top-section elementor-element elementor-element-867db90 elementor-section-boxed elementor-section-height-default elementor-section-height-default\" data-id=\"867db90\" data-element_type=\"section\" data-settings=\"{&quot;background_background&quot;:&quot;classic&quot;}\">\n\t\t\t\t\t\t<div class=\"elementor-container elementor-column-gap-default\">\n\t\t\t\t\t<div class=\"elementor-column elementor-col-100 elementor-top-column elementor-element elementor-element-8524743\" data-id=\"8524743\" data-element_type=\"column\">\n\t\t\t<div class=\"elementor-widget-wrap elementor-element-populated\">\n\t\t\t\t\t\t\t\t<div class=\"elementor-element elementor-element-dd0883b dual-color elementor-widget elementor-widget-heading\" data-id=\"dd0883b\" data-element_type=\"widget\" data-widget_type=\"heading.default\">\n\t\t\t\t<div class=\"elementor-widget-container\">\n\t\t\t<style>\/*! elementor - v3.15.0 - 20-08-2023 *\/\n.elementor-heading-title{padding:0;margin:0;line-height:1}.elementor-widget-heading .elementor-heading-title[class*=elementor-size-]>a{color:inherit;font-size:inherit;line-height:inherit}.elementor-widget-heading .elementor-heading-title.elementor-size-small{font-size:15px}.elementor-widget-heading .elementor-heading-title.elementor-size-medium{font-size:19px}.elementor-widget-heading .elementor-heading-title.elementor-size-large{font-size:29px}.elementor-widget-heading .elementor-heading-title.elementor-size-xl{font-size:39px}.elementor-widget-heading .elementor-heading-title.elementor-size-xxl{font-size:59px}<\/style><h3 class=\"elementor-heading-title elementor-size-default\">Condiciones generales de contrataci\u00f3n (CGC) - B\u00e4chlepicknick<\/h3>\t\t<\/div>\n\t\t\t\t<\/div>\n\t\t\t\t<div class=\"elementor-element elementor-element-9afa9f8 elementor-widget elementor-widget-text-editor\" data-id=\"9afa9f8\" data-element_type=\"widget\" data-widget_type=\"text-editor.default\">\n\t\t\t\t<div class=\"elementor-widget-container\">\n\t\t\t<style>\/*! elementor - v3.15.0 - 20-08-2023 *\/\n.elementor-widget-text-editor.elementor-drop-cap-view-stacked .elementor-drop-cap{background-color:#69727d;color:#fff}.elementor-widget-text-editor.elementor-drop-cap-view-framed .elementor-drop-cap{color:#69727d;border:3px solid;background-color:transparent}.elementor-widget-text-editor:not(.elementor-drop-cap-view-default) .elementor-drop-cap{margin-top:8px}.elementor-widget-text-editor:not(.elementor-drop-cap-view-default) .elementor-drop-cap-letter{width:1em;height:1em}.elementor-widget-text-editor .elementor-drop-cap{float:left;text-align:center;line-height:1;font-size:50px}.elementor-widget-text-editor .elementor-drop-cap-letter{display:inline-block}<\/style>\t\t\t\t<p>Las siguientes condiciones regulan la relaci\u00f3n jur\u00eddica para todos los recorridos urbanos y excursiones entre el cliente y \"Freiburgerleben\" y complementan las normas de viaje del \u00a7 651a I BGB. El cliente las reconoce con la reserva.<\/p><ol><li><b>CELEBRACI\u00d3N DEL CONTRATO<\/b><\/li><\/ol><p>Los pedidos realizados verbalmente s\u00f3lo ser\u00e1n efectivos tras la confirmaci\u00f3n por escrito de \"Freiburgerleben\". El contrato se perfecciona con la confirmaci\u00f3n por escrito de la reserva por parte de \"Freiburgerleben\". Los deseos especiales del cliente deber\u00e1n ser confirmados expresamente por escrito por \"Freiburgerleben\". En caso contrario, no formar\u00e1n parte del contrato.<\/p><ol start=\"2\"><li><b>RENDIMIENTO<\/b><\/li><\/ol><p>El alcance y la naturaleza de los servicios contractuales se basan exclusivamente en la informaci\u00f3n que figura en la confirmaci\u00f3n y en la descripci\u00f3n del servicio del programa \"Freiburgerleben\" vigente en el momento de la B\u00e4chlepicknicknick. Nos reservamos el derecho a realizar cambios en esta informaci\u00f3n mediante las notificaciones correspondientes antes de la celebraci\u00f3n del contrato. Los precios aplicables figuran en nuestras listas de precios actuales. Nos reservamos el derecho a realizar cambios a corto plazo en los servicios individuales durante una B\u00e4chlepicknicknick debido a circunstancias locales imprevisibles (por ejemplo, falta de agua, clima, etc.) o debido a retrasos de los que \"Freiburgerleben\" no es responsable. El B\u00e4chlepicknick organizado por \"Freiburgerleben\" se celebra con cualquier tiempo.<\/p><ol start=\"3\"><li style=\"font-size: 18px;\"><span style=\"font-weight: bold;\">CANCELACI\u00d3N Y NUEVA RESERVA POR PARTE DEL CLIENTE<\/span><\/li><\/ol><p>El cliente no puede cancelar la reserva de un B\u00e4chlepicknicknick. Sin embargo, puede solicitar a Freiburgerleben que aplace su participaci\u00f3n en un B\u00e4chlepicknick a otra fecha. La decisi\u00f3n al respecto corresponde exclusivamente a Freiburgerleben y no requiere explicaci\u00f3n alguna. La posibilidad de reprogramaci\u00f3n finaliza 1 semana antes de la fecha reservada.\u00a0<\/p><p>Cualquier cambio en la reserva original, incluido el aplazamiento a otra fecha o el ajuste de los productos reservados, est\u00e1 sujeto a un cargo fijo de 20 euros.<\/p><ol start=\"4\"><li style=\"font-size: 18px;\"><span style=\"font-weight: bold;\">RENUNCIA Y CANCELACI\u00d3N DE \"Freiburgerleben<\/span><\/li><\/ol><p>\"Freiburgerleben\" podr\u00e1 rescindir el contrato antes del comienzo del B\u00e4chlepicknicknick o anularlo despu\u00e9s del comienzo del evento en los siguientes casos:<\/p><p>a) sin previo aviso, si el cliente perturba de forma persistente el B\u00e4chlepicknick a pesar de una advertencia de \"Freiburgerleben\" o si se comporta de forma claramente contraria al contrato, estar\u00e1 justificada la rescisi\u00f3n inmediata del contrato.<\/p><p>b) sin previo aviso en circunstancias excepcionales.<\/p><p>c) Tanto \"Freiburgerleben\" como el cliente pueden rescindir el contrato si la realizaci\u00f3n del B\u00e4chlepicknicknick se ve considerablemente dificultada, puesta en peligro o perjudicada por causas de fuerza mayor no previsibles en el momento de la celebraci\u00f3n del contrato.<\/p><ol start=\"5\"><li style=\"font-size: 18px;\"><span style=\"font-weight: bold;\">RESPONSABILIDAD<\/span><\/li><\/ol><p>5.1 \"Freiburgerleben\" es responsable en el \u00e1mbito del deber de diligencia de un empresario prudente por:<\/p><p>a. preparaci\u00f3n y aplicaci\u00f3n concienzudas;<\/p><p>b. la cuidadosa selecci\u00f3n y supervisi\u00f3n de los proveedores de servicios;<\/p><p>c. la correcta prestaci\u00f3n de los servicios acordados contractualmente<\/p><p>La participaci\u00f3n en el B\u00e4chlepicknick es bajo su propio riesgo y responsabilidad (por ejemplo, cristales rotos en el arroyo). Cada participante es responsable de respetar las normas de circulaci\u00f3n. Los menores de edad s\u00f3lo podr\u00e1n participar si van acompa\u00f1ados de sus padres o tutores o de un profesor que est\u00e9 obligado a supervisarlos. \"Freiburgerleben\" no se hace responsable de los defectos de terceros. \"Freiburgerleben\" s\u00f3lo es responsable de los da\u00f1os causados por incumplimiento doloso o gravemente negligente del contrato por parte de \"Freiburgerleben\" o sus auxiliares ejecutivos. La limitaci\u00f3n de responsabilidad no se aplica a los da\u00f1os resultantes de lesiones a la vida, el cuerpo o la salud, que se basen en un incumplimiento negligente del deber por parte del usuario o en un incumplimiento doloso o negligente del deber por parte de un representante legal o auxiliar ejecutivo del usuario. En todos los dem\u00e1s casos, la responsabilidad se refiere exclusivamente al cumplimiento del alcance acordado de los servicios y se limita al importe m\u00e1ximo de los honorarios. El cliente est\u00e1 obligado a cooperar en caso de interrupci\u00f3n del servicio, para evitar posibles da\u00f1os o mantenerlos lo m\u00e1s bajos posible, en la medida en que sea razonable. En particular, el participante est\u00e1 obligado a poner sin demora cualquier queja en conocimiento de la direcci\u00f3n responsable in situ. Si el cliente omite culpablemente informar de un defecto a la direcci\u00f3n responsable in situ y era razonable esperar que lo hiciera, no tendr\u00e1 derecho a reclamaci\u00f3n alguna al respecto.<\/p><ol start=\"6\"><li style=\"font-size: 18px;\"><span style=\"font-weight: bold;\">PRESCRIPCI\u00d3N, PROHIBICI\u00d3N DE CESI\u00d3N<\/span><\/li><\/ol><p>Las reclamaciones del cliente prescribir\u00e1n a los seis meses. El plazo de prescripci\u00f3n comienza el d\u00eda del suceso. Si el cliente ha hecho valer tales reclamaciones, el plazo de prescripci\u00f3n quedar\u00e1 suspendido hasta el d\u00eda en que \"Freiburgerleben\" rechace las reclamaciones por escrito.<\/p><ol start=\"7\"><li style=\"font-size: 18px;\"><span style=\"font-weight: bold;\">GENERAL<\/span><\/li><\/ol><p>Con la publicaci\u00f3n de nuevos folletos, todas nuestras publicaciones anteriores sobre eventos del mismo nombre pierden su validez. No se aceptar\u00e1 responsabilidad alguna por errores de impresi\u00f3n o c\u00e1lculo. La invalidez de cualquier parte de estas condiciones no afectar\u00e1 a la validez de las disposiciones restantes.<\/p><ol start=\"8\"><li style=\"font-size: 18px;\"><span style=\"font-weight: bold;\">TRIBUNAL ESTADO<\/span><\/li><\/ol><p>Para los comerciantes, para las personas que no tengan un fuero general en Alemania, as\u00ed como para las personas que hayan trasladado su domicilio o residencia al extranjero tras la celebraci\u00f3n del contrato o cuyo domicilio o residencia habitual se desconozca en el momento de interponer la demanda, se acuerda Friburgo de Brisgovia como fuero competente, en la medida en que la ley lo permita. Todas las partes contratantes reconocen el derecho alem\u00e1n. Estas CGC se aplican a partir del 30.11.2023<\/p>\t\t\t\t\t\t<\/div>\n\t\t\t\t<\/div>\n\t\t\t\t\t<\/div>\n\t\t<\/div>\n\t\t\t\t\t\t\t<\/div>\n\t\t<\/section>\n\t\t\t\t\t\t\t<\/div>","protected":false},"excerpt":{"rendered":"<p>T\u00e9rminos y condiciones generales (GTC) - B\u00e4chlepicknick Los siguientes t\u00e9rminos y condiciones regulan la relaci\u00f3n legal para todas las visitas guiadas y excursiones entre el cliente y \"Freiburgerleben\" y complementan las disposiciones de la ley de viajes del \u00a7 651a I BGB. El cliente las reconoce con la reserva. CONCLUSI\u00d3N DEL CONTRATO Los pedidos realizados verbalmente s\u00f3lo ser\u00e1n efectivos tras la confirmaci\u00f3n por escrito por parte de \"Freiburgerleben\". El contrato se ...<\/p>\n<p class=\"read-more\"> <a class=\"\" href=\"https:\/\/freiburgerleben.de\/es\/agb-baechlepicknick\/\"> <span class=\"screen-reader-text\">AGB - B\u00e4chlepicknick<\/span> Vaciar m\u00e1s \"<\/a><\/p>","protected":false},"author":3,"featured_media":0,"parent":0,"menu_order":0,"comment_status":"closed","ping_status":"closed","template":"","meta":{"site-sidebar-layout":"no-sidebar","site-content-layout":"page-builder","ast-site-content-layout":"full-width-container","site-content-style":"unboxed","site-sidebar-style":"unboxed","ast-global-header-display":"","ast-banner-title-visibility":"","ast-main-header-display":"","ast-hfb-above-header-display":"","ast-hfb-below-header-display":"","ast-hfb-mobile-header-display":"","site-post-title":"disabled","ast-breadcrumbs-content":"","ast-featured-img":"disabled","footer-sml-layout":"","theme-transparent-header-meta":"default","adv-header-id-meta":"","stick-header-meta":"default","header-above-stick-meta":"","header-main-stick-meta":"","header-below-stick-meta":"","astra-migrate-meta-layouts":"set","footnotes":""},"class_list":["post-5314","page","type-page","status-publish","hentry"],"acf":[],"yoast_head":"<!-- This site is optimized with the Yoast SEO plugin v21.1 - https:\/\/yoast.com\/wordpress\/plugins\/seo\/ -->\n<title>AGB - B\u00e4chlepicknick - Freiburgerleben<\/title>\n<meta name=\"robots\" content=\"index, follow, max-snippet:-1, max-image-preview:large, max-video-preview:-1\" \/>\n<link rel=\"canonical\" href=\"https:\/\/freiburgerleben.de\/es\/agb-baechlepicknick\/\" \/>\n<meta property=\"og:locale\" content=\"es_ES\" \/>\n<meta property=\"og:type\" content=\"article\" \/>\n<meta property=\"og:title\" content=\"AGB - B\u00e4chlepicknick - Freiburgerleben\" \/>\n<meta property=\"og:description\" content=\"Allgemeine Gesch\u00e4ftsbedingungen (AGB) &#8211; B\u00e4chlepicknick Die nachfolgenden Bedingungen regeln das Rechtsverh\u00e4ltnis f\u00fcr alle Stadtf\u00fchrungen und Ausflugsfahrten zwischen den Kunden und &#8222;Freiburgerleben&#8220; und erg\u00e4nzen die reiserechtlichen Vorschriften des \u00a7 651a I BGB. Sie werden von dem Kunden mit der Buchung anerkannt. VERTRAGSABSCHLUSS M\u00fcndliche erteilte Auftr\u00e4ge erlangen erst nach schriftlicher Best\u00e4tigung durch &#8222;Freiburgerleben&#8220; Wirksamkeit. Der Vertrag kommt &hellip; AGB &#8211; B\u00e4chlepicknick Leer m\u00e1s &raquo;\" \/>\n<meta property=\"og:url\" content=\"https:\/\/freiburgerleben.de\/es\/agb-baechlepicknick\/\" \/>\n<meta property=\"og:site_name\" content=\"Freiburgerleben\" \/>\n<meta property=\"article:publisher\" content=\"https:\/\/www.facebook.com\/freiburgerleben\" \/>\n<meta property=\"article:modified_time\" content=\"2024-08-01T02:05:52+00:00\" \/>\n<meta name=\"twitter:label1\" content=\"Tiempo de lectura\" \/>\n\t<meta name=\"twitter:data1\" content=\"4 minutos\" \/>\n<script type=\"application\/ld+json\" class=\"yoast-schema-graph\">{\"@context\":\"https:\/\/schema.org\",\"@graph\":[{\"@type\":\"WebPage\",\"@id\":\"https:\/\/freiburgerleben.de\/agb-baechlepicknick\/\",\"url\":\"https:\/\/freiburgerleben.de\/agb-baechlepicknick\/\",\"name\":\"AGB - B\u00e4chlepicknick - Freiburgerleben\",\"isPartOf\":{\"@id\":\"https:\/\/freiburgerleben.de\/#website\"},\"datePublished\":\"2023-11-26T09:48:18+00:00\",\"dateModified\":\"2024-08-01T02:05:52+00:00\",\"inLanguage\":\"es\",\"potentialAction\":[{\"@type\":\"ReadAction\",\"target\":[\"https:\/\/freiburgerleben.de\/agb-baechlepicknick\/\"]}]},{\"@type\":\"WebSite\",\"@id\":\"https:\/\/freiburgerleben.de\/#website\",\"url\":\"https:\/\/freiburgerleben.de\/\",\"name\":\"Freiburgerleben\",\"description\":\"Kulinarische Stadtf\u00fchrungen in Freiburg\",\"publisher\":{\"@id\":\"https:\/\/freiburgerleben.de\/#organization\"},\"potentialAction\":[{\"@type\":\"SearchAction\",\"target\":{\"@type\":\"EntryPoint\",\"urlTemplate\":\"https:\/\/freiburgerleben.de\/?s={search_term_string}\"},\"query-input\":\"required name=search_term_string\"}],\"inLanguage\":\"es\"},{\"@type\":\"Organization\",\"@id\":\"https:\/\/freiburgerleben.de\/#organization\",\"name\":\"Freiburgerleben\",\"url\":\"https:\/\/freiburgerleben.de\/\",\"logo\":{\"@type\":\"ImageObject\",\"inLanguage\":\"es\",\"@id\":\"https:\/\/freiburgerleben.de\/#\/schema\/logo\/image\/\",\"url\":\"https:\/\/fewordpress.live-website.com\/wp-content\/uploads\/2023\/04\/Freiburgerleben.png\",\"contentUrl\":\"https:\/\/fewordpress.live-website.com\/wp-content\/uploads\/2023\/04\/Freiburgerleben.png\",\"width\":512,\"height\":512,\"caption\":\"Freiburgerleben\"},\"image\":{\"@id\":\"https:\/\/freiburgerleben.de\/#\/schema\/logo\/image\/\"},\"sameAs\":[\"https:\/\/www.facebook.com\/freiburgerleben\",\"https:\/\/www.instagram.com\/freiburgerleben\/\"]}]}<\/script>\n<!-- \/ Yoast SEO plugin. -->","yoast_head_json":{"title":"AGB - B\u00e4chlepicknick - Freiburgerleben","robots":{"index":"index","follow":"follow","max-snippet":"max-snippet:-1","max-image-preview":"max-image-preview:large","max-video-preview":"max-video-preview:-1"},"canonical":"https:\/\/freiburgerleben.de\/es\/agb-baechlepicknick\/","og_locale":"es_ES","og_type":"article","og_title":"AGB - B\u00e4chlepicknick - Freiburgerleben","og_description":"Allgemeine Gesch\u00e4ftsbedingungen (AGB) &#8211; B\u00e4chlepicknick Die nachfolgenden Bedingungen regeln das Rechtsverh\u00e4ltnis f\u00fcr alle Stadtf\u00fchrungen und Ausflugsfahrten zwischen den Kunden und &#8222;Freiburgerleben&#8220; und erg\u00e4nzen die reiserechtlichen Vorschriften des \u00a7 651a I BGB. Sie werden von dem Kunden mit der Buchung anerkannt. VERTRAGSABSCHLUSS M\u00fcndliche erteilte Auftr\u00e4ge erlangen erst nach schriftlicher Best\u00e4tigung durch &#8222;Freiburgerleben&#8220; Wirksamkeit. Der Vertrag kommt &hellip; AGB &#8211; B\u00e4chlepicknick Leer m\u00e1s &raquo;","og_url":"https:\/\/freiburgerleben.de\/es\/agb-baechlepicknick\/","og_site_name":"Freiburgerleben","article_publisher":"https:\/\/www.facebook.com\/freiburgerleben","article_modified_time":"2024-08-01T02:05:52+00:00","twitter_misc":{"Tiempo de lectura":"4 minutos"},"schema":{"@context":"https:\/\/schema.org","@graph":[{"@type":"WebPage","@id":"https:\/\/freiburgerleben.de\/agb-baechlepicknick\/","url":"https:\/\/freiburgerleben.de\/agb-baechlepicknick\/","name":"AGB - B\u00e4chlepicknick - Freiburgerleben","isPartOf":{"@id":"https:\/\/freiburgerleben.de\/#website"},"datePublished":"2023-11-26T09:48:18+00:00","dateModified":"2024-08-01T02:05:52+00:00","inLanguage":"es","potentialAction":[{"@type":"ReadAction","target":["https:\/\/freiburgerleben.de\/agb-baechlepicknick\/"]}]},{"@type":"WebSite","@id":"https:\/\/freiburgerleben.de\/#website","url":"https:\/\/freiburgerleben.de\/","name":"Freiburgerleben","description":"Kulinarische Stadtf\u00fchrungen in Freiburg","publisher":{"@id":"https:\/\/freiburgerleben.de\/#organization"},"potentialAction":[{"@type":"SearchAction","target":{"@type":"EntryPoint","urlTemplate":"https:\/\/freiburgerleben.de\/?s={search_term_string}"},"query-input":"required name=search_term_string"}],"inLanguage":"es"},{"@type":"Organization","@id":"https:\/\/freiburgerleben.de\/#organization","name":"Freiburgerleben","url":"https:\/\/freiburgerleben.de\/","logo":{"@type":"ImageObject","inLanguage":"es","@id":"https:\/\/freiburgerleben.de\/#\/schema\/logo\/image\/","url":"https:\/\/fewordpress.live-website.com\/wp-content\/uploads\/2023\/04\/Freiburgerleben.png","contentUrl":"https:\/\/fewordpress.live-website.com\/wp-content\/uploads\/2023\/04\/Freiburgerleben.png","width":512,"height":512,"caption":"Freiburgerleben"},"image":{"@id":"https:\/\/freiburgerleben.de\/#\/schema\/logo\/image\/"},"sameAs":["https:\/\/www.facebook.com\/freiburgerleben","https:\/\/www.instagram.com\/freiburgerleben\/"]}]}},"_links":{"self":[{"href":"https:\/\/freiburgerleben.de\/es\/wp-json\/wp\/v2\/pages\/5314","targetHints":{"allow":["GET"]}}],"collection":[{"href":"https:\/\/freiburgerleben.de\/es\/wp-json\/wp\/v2\/pages"}],"about":[{"href":"https:\/\/freiburgerleben.de\/es\/wp-json\/wp\/v2\/types\/page"}],"author":[{"embeddable":true,"href":"https:\/\/freiburgerleben.de\/es\/wp-json\/wp\/v2\/users\/3"}],"replies":[{"embeddable":true,"href":"https:\/\/freiburgerleben.de\/es\/wp-json\/wp\/v2\/comments?post=5314"}],"version-history":[{"count":10,"href":"https:\/\/freiburgerleben.de\/es\/wp-json\/wp\/v2\/pages\/5314\/revisions"}],"predecessor-version":[{"id":5519,"href":"https:\/\/freiburgerleben.de\/es\/wp-json\/wp\/v2\/pages\/5314\/revisions\/5519"}],"wp:attachment":[{"href":"https:\/\/freiburgerleben.de\/es\/wp-json\/wp\/v2\/media?parent=5314"}],"curies":[{"name":"wp","href":"https:\/\/api.w.org\/{rel}","templated":true}]}}