{"id":5059,"date":"2023-09-06T07:27:05","date_gmt":"2023-09-06T07:27:05","guid":{"rendered":"https:\/\/fewordpress.live-website.com\/?page_id=5059"},"modified":"2023-11-26T09:47:22","modified_gmt":"2023-11-26T09:47:22","slug":"agb","status":"publish","type":"page","link":"https:\/\/freiburgerleben.de\/fr\/agb\/","title":{"rendered":"CONDITIONS G\u00c9N\u00c9RALES DE VENTE"},"content":{"rendered":"<div data-elementor-type=\"wp-page\" data-elementor-id=\"5059\" class=\"elementor elementor-5059\" data-elementor-post-type=\"page\">\n\t\t\t\t\t\t\t\t\t<section class=\"elementor-section elementor-top-section elementor-element elementor-element-867db90 elementor-section-boxed elementor-section-height-default elementor-section-height-default\" data-id=\"867db90\" data-element_type=\"section\" data-settings=\"{&quot;background_background&quot;:&quot;classic&quot;}\">\n\t\t\t\t\t\t<div class=\"elementor-container elementor-column-gap-default\">\n\t\t\t\t\t<div class=\"elementor-column elementor-col-100 elementor-top-column elementor-element elementor-element-8524743\" data-id=\"8524743\" data-element_type=\"column\">\n\t\t\t<div class=\"elementor-widget-wrap elementor-element-populated\">\n\t\t\t\t\t\t\t\t<div class=\"elementor-element elementor-element-dd0883b dual-color elementor-widget elementor-widget-heading\" data-id=\"dd0883b\" data-element_type=\"widget\" data-widget_type=\"heading.default\">\n\t\t\t\t<div class=\"elementor-widget-container\">\n\t\t\t<style>\/*! elementor - v3.15.0 - 20-08-2023 *\/\n.elementor-heading-title{padding:0;margin:0;line-height:1}.elementor-widget-heading .elementor-heading-title[class*=elementor-size-]>a{color:inherit;font-size:inherit;line-height:inherit}.elementor-widget-heading .elementor-heading-title.elementor-size-small{font-size:15px}.elementor-widget-heading .elementor-heading-title.elementor-size-medium{font-size:19px}.elementor-widget-heading .elementor-heading-title.elementor-size-large{font-size:29px}.elementor-widget-heading .elementor-heading-title.elementor-size-xl{font-size:39px}.elementor-widget-heading .elementor-heading-title.elementor-size-xxl{font-size:59px}<\/style><h3 class=\"elementor-heading-title elementor-size-default\">Conditions g\u00e9n\u00e9rales de vente (CGV)<\/h3>\t\t<\/div>\n\t\t\t\t<\/div>\n\t\t\t\t<div class=\"elementor-element elementor-element-9afa9f8 elementor-widget elementor-widget-text-editor\" data-id=\"9afa9f8\" data-element_type=\"widget\" data-widget_type=\"text-editor.default\">\n\t\t\t\t<div class=\"elementor-widget-container\">\n\t\t\t<style>\/*! elementor - v3.15.0 - 20-08-2023 *\/\n.elementor-widget-text-editor.elementor-drop-cap-view-stacked .elementor-drop-cap{background-color:#69727d;color:#fff}.elementor-widget-text-editor.elementor-drop-cap-view-framed .elementor-drop-cap{color:#69727d;border:3px solid;background-color:transparent}.elementor-widget-text-editor:not(.elementor-drop-cap-view-default) .elementor-drop-cap{margin-top:8px}.elementor-widget-text-editor:not(.elementor-drop-cap-view-default) .elementor-drop-cap-letter{width:1em;height:1em}.elementor-widget-text-editor .elementor-drop-cap{float:left;text-align:center;line-height:1;font-size:50px}.elementor-widget-text-editor .elementor-drop-cap-letter{display:inline-block}<\/style>\t\t\t\t<p>Les conditions suivantes r\u00e8glent la relation juridique pour toutes les visites guid\u00e9es et excursions entre les clients et \"Freiburgerleben\" et compl\u00e8tent les dispositions du droit du voyage du \u00a7 651a I BGB. Elles sont accept\u00e9es par le client lors de la r\u00e9servation.<\/p>\n<ol>\n<li><b>CONCLUSION DU CONTRAT<\/b><\/li>\n<\/ol>\n<p>Les commandes pass\u00e9es oralement ne prennent effet qu'apr\u00e8s confirmation \u00e9crite par \"Freiburgerleben\". Le contrat est conclu par la confirmation \u00e9crite de la r\u00e9servation par \"Freiburgerleben\". Les souhaits sp\u00e9cialement exprim\u00e9s par le client doivent \u00eatre express\u00e9ment confirm\u00e9s par \u00e9crit par \"Freiburgerleben\". Dans le cas contraire, ils ne font pas partie int\u00e9grante du pr\u00e9sent contrat.<\/p>\n<ol start=\"2\">\n<li><b>PRESTATIONS<\/b><\/li>\n<\/ol>\n<p>L'\u00e9tendue et la nature des prestations contractuelles r\u00e9sultent exclusivement des indications de la confirmation ainsi que de la description des prestations du programme de \"Freiburgerleben\" en vigueur au moment de la visite guid\u00e9e\/du voyage. Nous nous r\u00e9servons le droit de modifier ces indications par des communications correspondantes avant la conclusion du contrat. Les prix en vigueur sont indiqu\u00e9s dans nos listes de prix actuelles. Les prix ne comprennent pas les frais d'entr\u00e9e dans les mus\u00e9es. La taille maximale des groupes est de 25 personnes. Si le nombre de personnes est sup\u00e9rieur \u00e0 26, un deuxi\u00e8me guide doit \u00eatre engag\u00e9. Nous nous r\u00e9servons le droit de modifier \u00e0 court terme certaines prestations pendant une visite guid\u00e9e\/un tour en raison d'\u00e9v\u00e9nements impr\u00e9visibles sur place (p. ex. service religieux, m\u00e9t\u00e9o, etc.) ou en raison de retards non imputables \u00e0 \"Freiburgerleben\" ou des souhaits des participants. Les tours de \"Freiburgerleben\" ont lieu par tous les temps. N\u00e9anmoins, \"Freiburgerleben\" s'efforce de mettre sur pied un programme de remplacement \u00e0 la demande du client. Les frais du programme de remplacement (p.ex. visite d'un mus\u00e9e) sont \u00e0 la charge du client. Le guide attend 30 minutes au point de rendez-vous convenu. En cas de retard des clients, il n'existe aucun droit \u00e0 une prolongation de la visite guid\u00e9e ou \u00e0 une r\u00e9duction du prix. Si le guide n'est pas arriv\u00e9 au point de rendez-vous au plus tard 15 minutes apr\u00e8s le d\u00e9but convenu de la visite guid\u00e9e, nous nous efforcerons de vous mettre en contact avec un autre guide.<\/p>\n<ol start=\"3\">\n<li><b>PAIEMENT<\/b><\/li>\n<\/ol>\n<p>En m\u00eame temps que la confirmation de la conclusion du contrat, \"Freiburgerleben\" vous envoie une facture. Le montant indiqu\u00e9 doit \u00eatre pay\u00e9 avant de profiter de la visite guid\u00e9e.<\/p>\n<ol start=\"4\">\n<li><b>ANNULATION ET MODIFICATION DE LA R\u00c9SERVATION PAR LE CLIENT<\/b><\/li>\n<\/ol>\n<p>Le client peut annuler sans frais jusqu'\u00e0 7 jours maximum avant la visite guid\u00e9e. En cas de d\u00e9sistement entre le 2e et le 6e jour avant la visite guid\u00e9e, 50% du prix de la visite guid\u00e9e sont dus. A partir d'un jour avant la visite guid\u00e9e, le montant total. En cas de modification de la r\u00e9servation, des frais forfaitaires de 10\u20ac minimum seront factur\u00e9s.&nbsp;<\/p>\n<p>Pour les visites culinaires, le nombre de participants peut \u00eatre r\u00e9duit de 10% maximum jusqu'\u00e0 3 jours avant la visite.&nbsp;<span style=\"font-style: inherit; font-weight: inherit; color: var( --e-global-color-text );\">Le nombre minimal de participants ne doit pas \u00eatre inf\u00e9rieur \u00e0 10 invit\u00e9s.<\/span><\/p>\n<p><o:p><\/o:p><\/p>\n<ol start=\"5\">\n<li><b>RETRAIT ET R\u00c9SILIATION PAR \"Freiburgerleben<\/b><\/li>\n<\/ol>\n<p>\"Freiburgerleben\" peut se retirer du contrat avant le d\u00e9but de la visite guid\u00e9e ou r\u00e9silier le contrat apr\u00e8s le d\u00e9but de la visite guid\u00e9e dans les cas suivants :<\/p>\n<p>a) sans respecter de d\u00e9lai, si le client perturbe durablement le d\u00e9roulement de la visite guid\u00e9e\/du trajet malgr\u00e9 un avertissement de \"Freiburgerleben\" ou s'il se comporte de mani\u00e8re significative en violation du contrat, la r\u00e9siliation imm\u00e9diate du contrat est justifi\u00e9e.<\/p>\n<p>b) sans respecter de d\u00e9lai en cas de circonstances exceptionnelles, comme par exemple l'absence impr\u00e9visible d'un guide. Le client sera imm\u00e9diatement rembours\u00e9 du montant d\u00e9j\u00e0 vers\u00e9.<\/p>\n<p>c) Tant \"Freiburgerleben\" que le client peuvent r\u00e9silier le contrat si, en raison d'un cas de force majeure non pr\u00e9visible au moment de la conclusion du contrat, la visite guid\u00e9e \/ le voyage est consid\u00e9rablement entrav\u00e9, mis en danger ou perturb\u00e9.<\/p>\n<ol start=\"6\">\n<li><b>RESPONSABILIT\u00c9<\/b><\/li>\n<\/ol>\n<p>6.1 \"Freiburgerleben\" est responsable, dans le cadre du devoir de diligence d'un commer\u00e7ant avis\u00e9, de<\/p>\n<p>a. la pr\u00e9paration consciencieuse du voyage ;<\/p>\n<p>b. la s\u00e9lection et le contr\u00f4le minutieux des prestataires ;<\/p>\n<p>c. la bonne ex\u00e9cution des prestations de voyage convenues par contrat.<\/p>\n<p>La participation aux visites guid\u00e9es\/excursions se fait aux risques et p\u00e9rils des participants et sous leur propre responsabilit\u00e9 (p. ex. B\u00e4chle). Chaque participant est lui-m\u00eame responsable du respect du code de la route. Les mineurs peuvent participer s'ils sont accompagn\u00e9s d'un parent ou d'un enseignant responsable. Lors des tours, les participants s'engagent \u00e0 suivre les instructions du guide et \u00e0 ne pas agir de leur propre chef. \"Freiburgerleben\" n'est pas responsable des manquements de tiers. \"Freiburgerleben\" n'est responsable que des dommages r\u00e9sultant d'une violation intentionnelle ou d'une n\u00e9gligence grave du contrat par le guide lui-m\u00eame ou par des auxiliaires d'ex\u00e9cution. La limitation de responsabilit\u00e9 ne s'applique pas aux dommages r\u00e9sultant d'une atteinte \u00e0 la vie, \u00e0 l'int\u00e9grit\u00e9 physique ou \u00e0 la sant\u00e9, qui sont dus \u00e0 une violation par n\u00e9gligence des obligations de l'utilisateur ou \u00e0 une violation intentionnelle ou par n\u00e9gligence des obligations d'un repr\u00e9sentant l\u00e9gal ou d'un auxiliaire d'ex\u00e9cution de l'utilisateur. Dans les autres cas, la responsabilit\u00e9 du guide se rapporte exclusivement \u00e0 l'ex\u00e9cution de l'\u00e9tendue des prestations convenues et est limit\u00e9e au montant maximal des honoraires du guide. Le client est tenu de coop\u00e9rer en cas de perturbations des prestations, d'\u00e9viter d'\u00e9ventuels dommages ou de les limiter autant que possible, dans la mesure o\u00f9 cela est acceptable pour lui. Le participant au voyage est notamment tenu de porter imm\u00e9diatement ses r\u00e9clamations \u00e0 la connaissance du guide comp\u00e9tent sur place. Si le client omet par sa faute de signaler un d\u00e9faut \u00e0 l'accompagnateur de voyage sur place et que l'on pouvait raisonnablement attendre de lui qu'il le fasse, il ne peut faire valoir aucun droit \u00e0 cet \u00e9gard.<\/p>\n<ol start=\"7\">\n<li><b>PRESCRIPTION, INTERDICTION DE CESSION<\/b><\/li>\n<\/ol>\n<p>Les droits du client se prescrivent par six mois. Le d\u00e9lai de prescription commence \u00e0 courir le jour o\u00f9 la visite guid\u00e9e\/le voyage devait prendre fin selon le contrat. Si le client a fait valoir de telles pr\u00e9tentions, la prescription est suspendue jusqu'au jour o\u00f9 \"Freiburgerleben\" a rejet\u00e9 ces pr\u00e9tentions par \u00e9crit.<\/p>\n<ol start=\"8\">\n<li><b>G\u00c9N\u00c9RALIT\u00c9S<\/b><\/li>\n<\/ol>\n<p>Avec la publication de nouveaux prospectus, toutes nos publications ant\u00e9rieures concernant des visites guid\u00e9es, des prix et des dates identiques perdent leur validit\u00e9. Nous ne sommes pas responsables des erreurs d'impression et de calcul. La nullit\u00e9 d'une partie des pr\u00e9sentes conditions n'affecte pas la validit\u00e9 des autres dispositions.<\/p>\n<ol start=\"9\">\n<li><b>\u00c9TAT DE JUSTICE<\/b><\/li>\n<\/ol>\n<p>Pour les commer\u00e7ants, les personnes qui n'ont pas de juridiction g\u00e9n\u00e9rale en Allemagne, ainsi que pour les personnes qui ont transf\u00e9r\u00e9 leur domicile ou leur lieu de r\u00e9sidence \u00e0 l'\u00e9tranger apr\u00e8s la conclusion du contrat ou dont le domicile ou le lieu de r\u00e9sidence habituel n'est pas connu au moment de l'introduction de l'instance, il est convenu, dans la mesure o\u00f9 la loi le permet, que le tribunal de Fribourg-en-Brisgau est comp\u00e9tent. Le droit allemand est reconnu par toutes les parties contractantes. Ces CGV sont valables \u00e0 partir du 1er janvier 2018.<\/p>\t\t\t\t\t\t<\/div>\n\t\t\t\t<\/div>\n\t\t\t\t\t<\/div>\n\t\t<\/div>\n\t\t\t\t\t\t\t<\/div>\n\t\t<\/section>\n\t\t\t\t\t\t\t<\/div>","protected":false},"excerpt":{"rendered":"<p>Conditions g\u00e9n\u00e9rales de vente (CGV) Les conditions suivantes r\u00e9gissent le rapport juridique pour toutes les visites guid\u00e9es et excursions entre les clients et \"Freiburgerleben\" et compl\u00e8tent les dispositions du droit du voyage du \u00a7 651a I BGB. Elles sont accept\u00e9es par le client lors de la r\u00e9servation. CONTRAT Les commandes pass\u00e9es oralement ne prennent effet qu'apr\u00e8s confirmation \u00e9crite par \"Freiburgerleben\". Le contrat est conclu par ...<\/p>\n<p class=\"read-more\"> <a class=\"\" href=\"https:\/\/freiburgerleben.de\/fr\/agb\/\"> <span class=\"screen-reader-text\">CONDITIONS G\u00c9N\u00c9RALES DE VENTE<\/span> Lire la suite \"<\/a><\/p>","protected":false},"author":1,"featured_media":0,"parent":0,"menu_order":0,"comment_status":"closed","ping_status":"closed","template":"","meta":{"site-sidebar-layout":"no-sidebar","site-content-layout":"page-builder","ast-site-content-layout":"","site-content-style":"default","site-sidebar-style":"default","ast-global-header-display":"","ast-banner-title-visibility":"","ast-main-header-display":"","ast-hfb-above-header-display":"","ast-hfb-below-header-display":"","ast-hfb-mobile-header-display":"","site-post-title":"disabled","ast-breadcrumbs-content":"","ast-featured-img":"disabled","footer-sml-layout":"","theme-transparent-header-meta":"","adv-header-id-meta":"","stick-header-meta":"","header-above-stick-meta":"","header-main-stick-meta":"","header-below-stick-meta":"","astra-migrate-meta-layouts":"","footnotes":""},"class_list":["post-5059","page","type-page","status-publish","hentry"],"acf":[],"yoast_head":"<!-- This site is optimized with the Yoast SEO plugin v21.1 - https:\/\/yoast.com\/wordpress\/plugins\/seo\/ -->\n<title>AGB - Freiburgerleben<\/title>\n<meta name=\"robots\" content=\"index, follow, max-snippet:-1, max-image-preview:large, max-video-preview:-1\" \/>\n<link rel=\"canonical\" href=\"https:\/\/freiburgerleben.de\/fr\/agb\/\" \/>\n<meta property=\"og:locale\" content=\"fr_FR\" \/>\n<meta property=\"og:type\" content=\"article\" \/>\n<meta property=\"og:title\" content=\"AGB - Freiburgerleben\" \/>\n<meta property=\"og:description\" content=\"Allgemeine Gesch\u00e4ftsbedingungen (AGB) Die nachfolgenden Bedingungen regeln das Rechtsverh\u00e4ltnis f\u00fcr alle Stadtf\u00fchrungen und Ausflugsfahrten zwischen den Kunden und &#8222;Freiburgerleben&#8220; und erg\u00e4nzen die reiserechtlichen Vorschriften des \u00a7 651a I BGB. Sie werden von dem Kunden mit der Buchung anerkannt. VERTRAGSABSCHLUSS M\u00fcndliche erteilte Auftr\u00e4ge erlangen erst nach schriftlicher Best\u00e4tigung durch &#8222;Freiburgerleben&#8220; Wirksamkeit. Der Vertrag kommt durch die &hellip; AGB Lire la suite\u00a0\u00bb\" \/>\n<meta property=\"og:url\" content=\"https:\/\/freiburgerleben.de\/fr\/agb\/\" \/>\n<meta property=\"og:site_name\" content=\"Freiburgerleben\" \/>\n<meta property=\"article:publisher\" content=\"https:\/\/www.facebook.com\/freiburgerleben\" \/>\n<meta property=\"article:modified_time\" content=\"2023-11-26T09:47:22+00:00\" \/>\n<meta name=\"twitter:label1\" content=\"Dur\u00e9e de lecture estim\u00e9e\" \/>\n\t<meta name=\"twitter:data1\" content=\"5 minutes\" \/>\n<script type=\"application\/ld+json\" class=\"yoast-schema-graph\">{\"@context\":\"https:\/\/schema.org\",\"@graph\":[{\"@type\":\"WebPage\",\"@id\":\"https:\/\/freiburgerleben.de\/agb\/\",\"url\":\"https:\/\/freiburgerleben.de\/agb\/\",\"name\":\"AGB - Freiburgerleben\",\"isPartOf\":{\"@id\":\"https:\/\/freiburgerleben.de\/#website\"},\"datePublished\":\"2023-09-06T07:27:05+00:00\",\"dateModified\":\"2023-11-26T09:47:22+00:00\",\"inLanguage\":\"fr-FR\",\"potentialAction\":[{\"@type\":\"ReadAction\",\"target\":[\"https:\/\/freiburgerleben.de\/agb\/\"]}]},{\"@type\":\"WebSite\",\"@id\":\"https:\/\/freiburgerleben.de\/#website\",\"url\":\"https:\/\/freiburgerleben.de\/\",\"name\":\"Freiburgerleben\",\"description\":\"Kulinarische Stadtf\u00fchrungen in Freiburg\",\"publisher\":{\"@id\":\"https:\/\/freiburgerleben.de\/#organization\"},\"potentialAction\":[{\"@type\":\"SearchAction\",\"target\":{\"@type\":\"EntryPoint\",\"urlTemplate\":\"https:\/\/freiburgerleben.de\/?s={search_term_string}\"},\"query-input\":\"required name=search_term_string\"}],\"inLanguage\":\"fr-FR\"},{\"@type\":\"Organization\",\"@id\":\"https:\/\/freiburgerleben.de\/#organization\",\"name\":\"Freiburgerleben\",\"url\":\"https:\/\/freiburgerleben.de\/\",\"logo\":{\"@type\":\"ImageObject\",\"inLanguage\":\"fr-FR\",\"@id\":\"https:\/\/freiburgerleben.de\/#\/schema\/logo\/image\/\",\"url\":\"https:\/\/fewordpress.live-website.com\/wp-content\/uploads\/2023\/04\/Freiburgerleben.png\",\"contentUrl\":\"https:\/\/fewordpress.live-website.com\/wp-content\/uploads\/2023\/04\/Freiburgerleben.png\",\"width\":512,\"height\":512,\"caption\":\"Freiburgerleben\"},\"image\":{\"@id\":\"https:\/\/freiburgerleben.de\/#\/schema\/logo\/image\/\"},\"sameAs\":[\"https:\/\/www.facebook.com\/freiburgerleben\",\"https:\/\/www.instagram.com\/freiburgerleben\/\"]}]}<\/script>\n<!-- \/ Yoast SEO plugin. -->","yoast_head_json":{"title":"AGB - Freiburgerleben","robots":{"index":"index","follow":"follow","max-snippet":"max-snippet:-1","max-image-preview":"max-image-preview:large","max-video-preview":"max-video-preview:-1"},"canonical":"https:\/\/freiburgerleben.de\/fr\/agb\/","og_locale":"fr_FR","og_type":"article","og_title":"AGB - Freiburgerleben","og_description":"Allgemeine Gesch\u00e4ftsbedingungen (AGB) Die nachfolgenden Bedingungen regeln das Rechtsverh\u00e4ltnis f\u00fcr alle Stadtf\u00fchrungen und Ausflugsfahrten zwischen den Kunden und &#8222;Freiburgerleben&#8220; und erg\u00e4nzen die reiserechtlichen Vorschriften des \u00a7 651a I BGB. Sie werden von dem Kunden mit der Buchung anerkannt. VERTRAGSABSCHLUSS M\u00fcndliche erteilte Auftr\u00e4ge erlangen erst nach schriftlicher Best\u00e4tigung durch &#8222;Freiburgerleben&#8220; Wirksamkeit. Der Vertrag kommt durch die &hellip; AGB Lire la suite\u00a0\u00bb","og_url":"https:\/\/freiburgerleben.de\/fr\/agb\/","og_site_name":"Freiburgerleben","article_publisher":"https:\/\/www.facebook.com\/freiburgerleben","article_modified_time":"2023-11-26T09:47:22+00:00","twitter_misc":{"Dur\u00e9e de lecture estim\u00e9e":"5 minutes"},"schema":{"@context":"https:\/\/schema.org","@graph":[{"@type":"WebPage","@id":"https:\/\/freiburgerleben.de\/agb\/","url":"https:\/\/freiburgerleben.de\/agb\/","name":"AGB - Freiburgerleben","isPartOf":{"@id":"https:\/\/freiburgerleben.de\/#website"},"datePublished":"2023-09-06T07:27:05+00:00","dateModified":"2023-11-26T09:47:22+00:00","inLanguage":"fr-FR","potentialAction":[{"@type":"ReadAction","target":["https:\/\/freiburgerleben.de\/agb\/"]}]},{"@type":"WebSite","@id":"https:\/\/freiburgerleben.de\/#website","url":"https:\/\/freiburgerleben.de\/","name":"Freiburgerleben","description":"Kulinarische Stadtf\u00fchrungen in Freiburg","publisher":{"@id":"https:\/\/freiburgerleben.de\/#organization"},"potentialAction":[{"@type":"SearchAction","target":{"@type":"EntryPoint","urlTemplate":"https:\/\/freiburgerleben.de\/?s={search_term_string}"},"query-input":"required name=search_term_string"}],"inLanguage":"fr-FR"},{"@type":"Organization","@id":"https:\/\/freiburgerleben.de\/#organization","name":"Freiburgerleben","url":"https:\/\/freiburgerleben.de\/","logo":{"@type":"ImageObject","inLanguage":"fr-FR","@id":"https:\/\/freiburgerleben.de\/#\/schema\/logo\/image\/","url":"https:\/\/fewordpress.live-website.com\/wp-content\/uploads\/2023\/04\/Freiburgerleben.png","contentUrl":"https:\/\/fewordpress.live-website.com\/wp-content\/uploads\/2023\/04\/Freiburgerleben.png","width":512,"height":512,"caption":"Freiburgerleben"},"image":{"@id":"https:\/\/freiburgerleben.de\/#\/schema\/logo\/image\/"},"sameAs":["https:\/\/www.facebook.com\/freiburgerleben","https:\/\/www.instagram.com\/freiburgerleben\/"]}]}},"_links":{"self":[{"href":"https:\/\/freiburgerleben.de\/fr\/wp-json\/wp\/v2\/pages\/5059","targetHints":{"allow":["GET"]}}],"collection":[{"href":"https:\/\/freiburgerleben.de\/fr\/wp-json\/wp\/v2\/pages"}],"about":[{"href":"https:\/\/freiburgerleben.de\/fr\/wp-json\/wp\/v2\/types\/page"}],"author":[{"embeddable":true,"href":"https:\/\/freiburgerleben.de\/fr\/wp-json\/wp\/v2\/users\/1"}],"replies":[{"embeddable":true,"href":"https:\/\/freiburgerleben.de\/fr\/wp-json\/wp\/v2\/comments?post=5059"}],"version-history":[{"count":14,"href":"https:\/\/freiburgerleben.de\/fr\/wp-json\/wp\/v2\/pages\/5059\/revisions"}],"predecessor-version":[{"id":5313,"href":"https:\/\/freiburgerleben.de\/fr\/wp-json\/wp\/v2\/pages\/5059\/revisions\/5313"}],"wp:attachment":[{"href":"https:\/\/freiburgerleben.de\/fr\/wp-json\/wp\/v2\/media?parent=5059"}],"curies":[{"name":"wp","href":"https:\/\/api.w.org\/{rel}","templated":true}]}}