{"id":5314,"date":"2023-11-26T09:48:18","date_gmt":"2023-11-26T09:48:18","guid":{"rendered":"https:\/\/freiburgerleben.de\/?page_id=5314"},"modified":"2024-08-01T02:05:52","modified_gmt":"2024-08-01T02:05:52","slug":"agb-baechlepicknick","status":"publish","type":"page","link":"https:\/\/freiburgerleben.de\/fr\/agb-baechlepicknick\/","title":{"rendered":"CGV - Pique-nique au bord du ruisseau"},"content":{"rendered":"<div data-elementor-type=\"wp-page\" data-elementor-id=\"5314\" class=\"elementor elementor-5314\" data-elementor-post-type=\"page\">\n\t\t\t\t\t\t\t\t\t<section class=\"elementor-section elementor-top-section elementor-element elementor-element-867db90 elementor-section-boxed elementor-section-height-default elementor-section-height-default\" data-id=\"867db90\" data-element_type=\"section\" data-settings=\"{&quot;background_background&quot;:&quot;classic&quot;}\">\n\t\t\t\t\t\t<div class=\"elementor-container elementor-column-gap-default\">\n\t\t\t\t\t<div class=\"elementor-column elementor-col-100 elementor-top-column elementor-element elementor-element-8524743\" data-id=\"8524743\" data-element_type=\"column\">\n\t\t\t<div class=\"elementor-widget-wrap elementor-element-populated\">\n\t\t\t\t\t\t\t\t<div class=\"elementor-element elementor-element-dd0883b dual-color elementor-widget elementor-widget-heading\" data-id=\"dd0883b\" data-element_type=\"widget\" data-widget_type=\"heading.default\">\n\t\t\t\t<div class=\"elementor-widget-container\">\n\t\t\t<style>\/*! elementor - v3.15.0 - 20-08-2023 *\/\n.elementor-heading-title{padding:0;margin:0;line-height:1}.elementor-widget-heading .elementor-heading-title[class*=elementor-size-]>a{color:inherit;font-size:inherit;line-height:inherit}.elementor-widget-heading .elementor-heading-title.elementor-size-small{font-size:15px}.elementor-widget-heading .elementor-heading-title.elementor-size-medium{font-size:19px}.elementor-widget-heading .elementor-heading-title.elementor-size-large{font-size:29px}.elementor-widget-heading .elementor-heading-title.elementor-size-xl{font-size:39px}.elementor-widget-heading .elementor-heading-title.elementor-size-xxl{font-size:59px}<\/style><h3 class=\"elementor-heading-title elementor-size-default\">Conditions g\u00e9n\u00e9rales de vente (CGV) - B\u00e4chlepicknick<\/h3>\t\t<\/div>\n\t\t\t\t<\/div>\n\t\t\t\t<div class=\"elementor-element elementor-element-9afa9f8 elementor-widget elementor-widget-text-editor\" data-id=\"9afa9f8\" data-element_type=\"widget\" data-widget_type=\"text-editor.default\">\n\t\t\t\t<div class=\"elementor-widget-container\">\n\t\t\t<style>\/*! elementor - v3.15.0 - 20-08-2023 *\/\n.elementor-widget-text-editor.elementor-drop-cap-view-stacked .elementor-drop-cap{background-color:#69727d;color:#fff}.elementor-widget-text-editor.elementor-drop-cap-view-framed .elementor-drop-cap{color:#69727d;border:3px solid;background-color:transparent}.elementor-widget-text-editor:not(.elementor-drop-cap-view-default) .elementor-drop-cap{margin-top:8px}.elementor-widget-text-editor:not(.elementor-drop-cap-view-default) .elementor-drop-cap-letter{width:1em;height:1em}.elementor-widget-text-editor .elementor-drop-cap{float:left;text-align:center;line-height:1;font-size:50px}.elementor-widget-text-editor .elementor-drop-cap-letter{display:inline-block}<\/style>\t\t\t\t<p>Les conditions suivantes r\u00e8glent la relation juridique pour toutes les visites guid\u00e9es et excursions entre les clients et \"Freiburgerleben\" et compl\u00e8tent les dispositions du droit du voyage du \u00a7 651a I BGB. Elles sont accept\u00e9es par le client lors de la r\u00e9servation.<\/p><ol><li><b>CONCLUSION DU CONTRAT<\/b><\/li><\/ol><p>Les commandes pass\u00e9es oralement ne prennent effet qu'apr\u00e8s confirmation \u00e9crite par \"Freiburgerleben\". Le contrat est conclu par la confirmation \u00e9crite de la r\u00e9servation par \"Freiburgerleben\". Les souhaits sp\u00e9cialement exprim\u00e9s par le client doivent \u00eatre express\u00e9ment confirm\u00e9s par \u00e9crit par \"Freiburgerleben\". Dans le cas contraire, ils ne font pas partie int\u00e9grante du pr\u00e9sent contrat.<\/p><ol start=\"2\"><li><b>PRESTATIONS<\/b><\/li><\/ol><p>L'\u00e9tendue et la nature des prestations contractuelles d\u00e9coulent exclusivement des indications figurant dans la confirmation ainsi que du descriptif des prestations du programme de \"Freiburgerleben\" en vigueur au moment du pique-nique au bord du ruisseau. Nous nous r\u00e9servons le droit de modifier ces indications par des communications correspondantes avant la conclusion du contrat. Les prix en vigueur sont indiqu\u00e9s dans nos listes de prix actuelles. Nous nous r\u00e9servons le droit de modifier \u00e0 court terme certaines prestations pendant un pique-nique au fil de l'eau en raison de circonstances locales impr\u00e9visibles (p. ex. manque d'eau, m\u00e9t\u00e9o, etc.) ou de retards non imputables \u00e0 \"Freiburgerleben\". Le pique-nique au fil de l'eau de \"Freiburgerleben\" a lieu par tous les temps.<\/p><ol start=\"3\"><li style=\"font-size: 18px;\"><span style=\"font-weight: bold;\">ANNULATION ET MODIFICATION DE LA R\u00c9SERVATION PAR LE CLIENT<\/span><\/li><\/ol><p>Le client ne peut pas annuler sa r\u00e9servation pour un B\u00e4chlepicknick. Il peut toutefois essayer de demander \u00e0 Freiburgerleben de reporter sa participation \u00e0 un B\u00e4chlepicknick \u00e0 une autre date. La d\u00e9cision appartient exclusivement \u00e0 Freiburgerleben et ne n\u00e9cessite aucune explication. La possibilit\u00e9 de reporter une date prend fin 1 semaine avant la date r\u00e9serv\u00e9e.\u00a0<\/p><p>Toute modification de la r\u00e9servation initiale, y compris le report \u00e0 une autre date ou l'adaptation des produits r\u00e9serv\u00e9s, est soumise \u00e0 des frais forfaitaires de 20 euros.<\/p><ol start=\"4\"><li style=\"font-size: 18px;\"><span style=\"font-weight: bold;\">RETRAIT ET R\u00c9SILIATION PAR \"Freiburgerleben<\/span><\/li><\/ol><p>\"Freiburgerleben\" peut, dans les cas suivants, se retirer du contrat avant le d\u00e9but du B\u00e4chlepicknick ou r\u00e9silier le contrat apr\u00e8s le d\u00e9but de la manifestation :<\/p><p>a) sans respecter de d\u00e9lai, si le client perturbe durablement le d\u00e9roulement du B\u00e4chlepicknick malgr\u00e9 un avertissement de \"Freiburgerleben\" ou s'il se comporte de mani\u00e8re significative en violation du contrat, la r\u00e9siliation imm\u00e9diate du contrat est justifi\u00e9e.<\/p><p>b) sans pr\u00e9avis en cas de circonstances exceptionnelles.<\/p><p>c) Tant \"Freiburgerleben\" que le client peuvent r\u00e9silier le contrat si, en raison d'un cas de force majeure non pr\u00e9visible au moment de la conclusion du contrat, la r\u00e9alisation du B\u00e4chlepicknick est rendue tr\u00e8s difficile, menac\u00e9e ou entrav\u00e9e.<\/p><ol start=\"5\"><li style=\"font-size: 18px;\"><span style=\"font-weight: bold;\">RESPONSABILIT\u00c9<\/span><\/li><\/ol><p>5.1 \"Freiburgerleben\" est responsable, dans le cadre du devoir de diligence d'un commer\u00e7ant avis\u00e9, de<\/p><p>a. la pr\u00e9paration et l'ex\u00e9cution consciencieuses ;<\/p><p>b. la s\u00e9lection et le contr\u00f4le minutieux des prestataires ;<\/p><p>c. la bonne ex\u00e9cution des prestations convenues par contrat<\/p><p>La participation au B\u00e4chlepicknick se fait aux risques et p\u00e9rils des participants et sous leur propre responsabilit\u00e9 (p. ex. bris de verre dans le ruisseau). Chaque participant est lui-m\u00eame responsable du respect du code de la route. La participation des mineurs est possible en compagnie d'un parent ou d'un enseignant responsable. \"Freiburgerleben\" n'est pas responsable des manquements de tiers. \"Freiburgerleben\" n'est responsable que des dommages qui r\u00e9sultent d'une violation intentionnelle ou par n\u00e9gligence grave du contrat par Freiburgerleben ou par des auxiliaires d'ex\u00e9cution. La limitation de responsabilit\u00e9 ne s'applique pas aux dommages r\u00e9sultant d'une atteinte \u00e0 la vie, \u00e0 l'int\u00e9grit\u00e9 physique ou \u00e0 la sant\u00e9, qui sont dus \u00e0 une violation par n\u00e9gligence des obligations de l'utilisateur ou \u00e0 une violation intentionnelle ou par n\u00e9gligence des obligations d'un repr\u00e9sentant l\u00e9gal ou d'un auxiliaire d'ex\u00e9cution de l'utilisateur. Dans les autres cas, la responsabilit\u00e9 se rapporte exclusivement \u00e0 l'ex\u00e9cution de l'\u00e9tendue des prestations convenues et est limit\u00e9e au montant maximal des honoraires. Le client est tenu de coop\u00e9rer en cas de perturbations des prestations, d'\u00e9viter d'\u00e9ventuels dommages ou de les limiter au maximum, dans la mesure o\u00f9 cela est raisonnablement possible. Le participant est notamment tenu de porter imm\u00e9diatement ses r\u00e9clamations \u00e0 la connaissance de la direction comp\u00e9tente sur place. Si le client omet par sa faute de signaler un d\u00e9faut \u00e0 la direction sur place et que l'on pouvait raisonnablement attendre de lui qu'il le signale, il ne peut faire valoir aucun droit \u00e0 cet \u00e9gard.<\/p><ol start=\"6\"><li style=\"font-size: 18px;\"><span style=\"font-weight: bold;\">PRESCRIPTION, INTERDICTION DE CESSION<\/span><\/li><\/ol><p>Les droits du client se prescrivent par six mois. Le d\u00e9lai de prescription commence \u00e0 courir le jour de la manifestation. Si le client a fait valoir de telles pr\u00e9tentions, la prescription est suspendue jusqu'au jour o\u00f9 \"Freiburgerleben\" a rejet\u00e9 ces pr\u00e9tentions par \u00e9crit.<\/p><ol start=\"7\"><li style=\"font-size: 18px;\"><span style=\"font-weight: bold;\">G\u00c9N\u00c9RALIT\u00c9S<\/span><\/li><\/ol><p>La publication de nouveaux prospectus rend caduques toutes nos publications ant\u00e9rieures relatives \u00e0 des \u00e9v\u00e9nements de m\u00eame nature. Nous ne sommes pas responsables des erreurs d'impression et de calcul. La nullit\u00e9 d'une partie des pr\u00e9sentes conditions n'affecte pas la validit\u00e9 des autres dispositions.<\/p><ol start=\"8\"><li style=\"font-size: 18px;\"><span style=\"font-weight: bold;\">\u00c9TAT DE JUSTICE<\/span><\/li><\/ol><p>Pour les commer\u00e7ants, les personnes qui n'ont pas de juridiction g\u00e9n\u00e9rale en Allemagne, ainsi que pour les personnes qui ont transf\u00e9r\u00e9 leur domicile ou leur lieu de r\u00e9sidence \u00e0 l'\u00e9tranger apr\u00e8s la conclusion du contrat ou dont le domicile ou le lieu de r\u00e9sidence habituel n'est pas connu au moment de l'introduction de l'instance, il est convenu, dans la mesure o\u00f9 la loi le permet, que le tribunal de Fribourg-en-Brisgau est comp\u00e9tent. Le droit allemand est reconnu par toutes les parties contractantes. Ces CGV sont valables \u00e0 partir du 30.11.2023<\/p>\t\t\t\t\t\t<\/div>\n\t\t\t\t<\/div>\n\t\t\t\t\t<\/div>\n\t\t<\/div>\n\t\t\t\t\t\t\t<\/div>\n\t\t<\/section>\n\t\t\t\t\t\t\t<\/div>","protected":false},"excerpt":{"rendered":"<p>Conditions g\u00e9n\u00e9rales de vente (CGV) - B\u00e4chlepicknick Les conditions suivantes r\u00e8glent les rapports juridiques pour toutes les visites guid\u00e9es et excursions entre les clients et \"Freiburgerleben\" et compl\u00e8tent les dispositions du droit des voyages du \u00a7 651a I BGB. Elles sont accept\u00e9es par le client lors de la r\u00e9servation. CONTRAT Les commandes pass\u00e9es oralement ne prennent effet qu'apr\u00e8s confirmation \u00e9crite par \"Freiburgerleben\". Le contrat est conclu ...<\/p>\n<p class=\"read-more\"> <a class=\"\" href=\"https:\/\/freiburgerleben.de\/fr\/agb-baechlepicknick\/\"> <span class=\"screen-reader-text\">CGV - Pique-nique au bord du ruisseau<\/span> Lire la suite \"<\/a><\/p>","protected":false},"author":3,"featured_media":0,"parent":0,"menu_order":0,"comment_status":"closed","ping_status":"closed","template":"","meta":{"site-sidebar-layout":"no-sidebar","site-content-layout":"page-builder","ast-site-content-layout":"full-width-container","site-content-style":"unboxed","site-sidebar-style":"unboxed","ast-global-header-display":"","ast-banner-title-visibility":"","ast-main-header-display":"","ast-hfb-above-header-display":"","ast-hfb-below-header-display":"","ast-hfb-mobile-header-display":"","site-post-title":"disabled","ast-breadcrumbs-content":"","ast-featured-img":"disabled","footer-sml-layout":"","theme-transparent-header-meta":"default","adv-header-id-meta":"","stick-header-meta":"default","header-above-stick-meta":"","header-main-stick-meta":"","header-below-stick-meta":"","astra-migrate-meta-layouts":"set","footnotes":""},"class_list":["post-5314","page","type-page","status-publish","hentry"],"acf":[],"yoast_head":"<!-- This site is optimized with the Yoast SEO plugin v21.1 - https:\/\/yoast.com\/wordpress\/plugins\/seo\/ -->\n<title>AGB - B\u00e4chlepicknick - Freiburgerleben<\/title>\n<meta name=\"robots\" content=\"index, follow, max-snippet:-1, max-image-preview:large, max-video-preview:-1\" \/>\n<link rel=\"canonical\" href=\"https:\/\/freiburgerleben.de\/fr\/agb-baechlepicknick\/\" \/>\n<meta property=\"og:locale\" content=\"fr_FR\" \/>\n<meta property=\"og:type\" content=\"article\" \/>\n<meta property=\"og:title\" content=\"AGB - B\u00e4chlepicknick - Freiburgerleben\" \/>\n<meta property=\"og:description\" content=\"Allgemeine Gesch\u00e4ftsbedingungen (AGB) &#8211; B\u00e4chlepicknick Die nachfolgenden Bedingungen regeln das Rechtsverh\u00e4ltnis f\u00fcr alle Stadtf\u00fchrungen und Ausflugsfahrten zwischen den Kunden und &#8222;Freiburgerleben&#8220; und erg\u00e4nzen die reiserechtlichen Vorschriften des \u00a7 651a I BGB. Sie werden von dem Kunden mit der Buchung anerkannt. VERTRAGSABSCHLUSS M\u00fcndliche erteilte Auftr\u00e4ge erlangen erst nach schriftlicher Best\u00e4tigung durch &#8222;Freiburgerleben&#8220; Wirksamkeit. Der Vertrag kommt &hellip; AGB &#8211; B\u00e4chlepicknick Lire la suite\u00a0\u00bb\" \/>\n<meta property=\"og:url\" content=\"https:\/\/freiburgerleben.de\/fr\/agb-baechlepicknick\/\" \/>\n<meta property=\"og:site_name\" content=\"Freiburgerleben\" \/>\n<meta property=\"article:publisher\" content=\"https:\/\/www.facebook.com\/freiburgerleben\" \/>\n<meta property=\"article:modified_time\" content=\"2024-08-01T02:05:52+00:00\" \/>\n<meta name=\"twitter:label1\" content=\"Dur\u00e9e de lecture estim\u00e9e\" \/>\n\t<meta name=\"twitter:data1\" content=\"4 minutes\" \/>\n<script type=\"application\/ld+json\" class=\"yoast-schema-graph\">{\"@context\":\"https:\/\/schema.org\",\"@graph\":[{\"@type\":\"WebPage\",\"@id\":\"https:\/\/freiburgerleben.de\/agb-baechlepicknick\/\",\"url\":\"https:\/\/freiburgerleben.de\/agb-baechlepicknick\/\",\"name\":\"AGB - B\u00e4chlepicknick - Freiburgerleben\",\"isPartOf\":{\"@id\":\"https:\/\/freiburgerleben.de\/#website\"},\"datePublished\":\"2023-11-26T09:48:18+00:00\",\"dateModified\":\"2024-08-01T02:05:52+00:00\",\"inLanguage\":\"fr-FR\",\"potentialAction\":[{\"@type\":\"ReadAction\",\"target\":[\"https:\/\/freiburgerleben.de\/agb-baechlepicknick\/\"]}]},{\"@type\":\"WebSite\",\"@id\":\"https:\/\/freiburgerleben.de\/#website\",\"url\":\"https:\/\/freiburgerleben.de\/\",\"name\":\"Freiburgerleben\",\"description\":\"Kulinarische Stadtf\u00fchrungen in Freiburg\",\"publisher\":{\"@id\":\"https:\/\/freiburgerleben.de\/#organization\"},\"potentialAction\":[{\"@type\":\"SearchAction\",\"target\":{\"@type\":\"EntryPoint\",\"urlTemplate\":\"https:\/\/freiburgerleben.de\/?s={search_term_string}\"},\"query-input\":\"required name=search_term_string\"}],\"inLanguage\":\"fr-FR\"},{\"@type\":\"Organization\",\"@id\":\"https:\/\/freiburgerleben.de\/#organization\",\"name\":\"Freiburgerleben\",\"url\":\"https:\/\/freiburgerleben.de\/\",\"logo\":{\"@type\":\"ImageObject\",\"inLanguage\":\"fr-FR\",\"@id\":\"https:\/\/freiburgerleben.de\/#\/schema\/logo\/image\/\",\"url\":\"https:\/\/fewordpress.live-website.com\/wp-content\/uploads\/2023\/04\/Freiburgerleben.png\",\"contentUrl\":\"https:\/\/fewordpress.live-website.com\/wp-content\/uploads\/2023\/04\/Freiburgerleben.png\",\"width\":512,\"height\":512,\"caption\":\"Freiburgerleben\"},\"image\":{\"@id\":\"https:\/\/freiburgerleben.de\/#\/schema\/logo\/image\/\"},\"sameAs\":[\"https:\/\/www.facebook.com\/freiburgerleben\",\"https:\/\/www.instagram.com\/freiburgerleben\/\"]}]}<\/script>\n<!-- \/ Yoast SEO plugin. -->","yoast_head_json":{"title":"AGB - B\u00e4chlepicknick - Freiburgerleben","robots":{"index":"index","follow":"follow","max-snippet":"max-snippet:-1","max-image-preview":"max-image-preview:large","max-video-preview":"max-video-preview:-1"},"canonical":"https:\/\/freiburgerleben.de\/fr\/agb-baechlepicknick\/","og_locale":"fr_FR","og_type":"article","og_title":"AGB - B\u00e4chlepicknick - Freiburgerleben","og_description":"Allgemeine Gesch\u00e4ftsbedingungen (AGB) &#8211; B\u00e4chlepicknick Die nachfolgenden Bedingungen regeln das Rechtsverh\u00e4ltnis f\u00fcr alle Stadtf\u00fchrungen und Ausflugsfahrten zwischen den Kunden und &#8222;Freiburgerleben&#8220; und erg\u00e4nzen die reiserechtlichen Vorschriften des \u00a7 651a I BGB. Sie werden von dem Kunden mit der Buchung anerkannt. VERTRAGSABSCHLUSS M\u00fcndliche erteilte Auftr\u00e4ge erlangen erst nach schriftlicher Best\u00e4tigung durch &#8222;Freiburgerleben&#8220; Wirksamkeit. Der Vertrag kommt &hellip; AGB &#8211; B\u00e4chlepicknick Lire la suite\u00a0\u00bb","og_url":"https:\/\/freiburgerleben.de\/fr\/agb-baechlepicknick\/","og_site_name":"Freiburgerleben","article_publisher":"https:\/\/www.facebook.com\/freiburgerleben","article_modified_time":"2024-08-01T02:05:52+00:00","twitter_misc":{"Dur\u00e9e de lecture estim\u00e9e":"4 minutes"},"schema":{"@context":"https:\/\/schema.org","@graph":[{"@type":"WebPage","@id":"https:\/\/freiburgerleben.de\/agb-baechlepicknick\/","url":"https:\/\/freiburgerleben.de\/agb-baechlepicknick\/","name":"AGB - B\u00e4chlepicknick - Freiburgerleben","isPartOf":{"@id":"https:\/\/freiburgerleben.de\/#website"},"datePublished":"2023-11-26T09:48:18+00:00","dateModified":"2024-08-01T02:05:52+00:00","inLanguage":"fr-FR","potentialAction":[{"@type":"ReadAction","target":["https:\/\/freiburgerleben.de\/agb-baechlepicknick\/"]}]},{"@type":"WebSite","@id":"https:\/\/freiburgerleben.de\/#website","url":"https:\/\/freiburgerleben.de\/","name":"Freiburgerleben","description":"Kulinarische Stadtf\u00fchrungen in Freiburg","publisher":{"@id":"https:\/\/freiburgerleben.de\/#organization"},"potentialAction":[{"@type":"SearchAction","target":{"@type":"EntryPoint","urlTemplate":"https:\/\/freiburgerleben.de\/?s={search_term_string}"},"query-input":"required name=search_term_string"}],"inLanguage":"fr-FR"},{"@type":"Organization","@id":"https:\/\/freiburgerleben.de\/#organization","name":"Freiburgerleben","url":"https:\/\/freiburgerleben.de\/","logo":{"@type":"ImageObject","inLanguage":"fr-FR","@id":"https:\/\/freiburgerleben.de\/#\/schema\/logo\/image\/","url":"https:\/\/fewordpress.live-website.com\/wp-content\/uploads\/2023\/04\/Freiburgerleben.png","contentUrl":"https:\/\/fewordpress.live-website.com\/wp-content\/uploads\/2023\/04\/Freiburgerleben.png","width":512,"height":512,"caption":"Freiburgerleben"},"image":{"@id":"https:\/\/freiburgerleben.de\/#\/schema\/logo\/image\/"},"sameAs":["https:\/\/www.facebook.com\/freiburgerleben","https:\/\/www.instagram.com\/freiburgerleben\/"]}]}},"_links":{"self":[{"href":"https:\/\/freiburgerleben.de\/fr\/wp-json\/wp\/v2\/pages\/5314","targetHints":{"allow":["GET"]}}],"collection":[{"href":"https:\/\/freiburgerleben.de\/fr\/wp-json\/wp\/v2\/pages"}],"about":[{"href":"https:\/\/freiburgerleben.de\/fr\/wp-json\/wp\/v2\/types\/page"}],"author":[{"embeddable":true,"href":"https:\/\/freiburgerleben.de\/fr\/wp-json\/wp\/v2\/users\/3"}],"replies":[{"embeddable":true,"href":"https:\/\/freiburgerleben.de\/fr\/wp-json\/wp\/v2\/comments?post=5314"}],"version-history":[{"count":10,"href":"https:\/\/freiburgerleben.de\/fr\/wp-json\/wp\/v2\/pages\/5314\/revisions"}],"predecessor-version":[{"id":5519,"href":"https:\/\/freiburgerleben.de\/fr\/wp-json\/wp\/v2\/pages\/5314\/revisions\/5519"}],"wp:attachment":[{"href":"https:\/\/freiburgerleben.de\/fr\/wp-json\/wp\/v2\/media?parent=5314"}],"curies":[{"name":"wp","href":"https:\/\/api.w.org\/{rel}","templated":true}]}}