{"id":3067,"date":"2023-03-31T10:13:31","date_gmt":"2023-03-31T10:13:31","guid":{"rendered":"https:\/\/fewordpress.live-website.com\/?page_id=3067"},"modified":"2026-03-27T02:08:03","modified_gmt":"2026-03-27T02:08:03","slug":"veranstaltungskalender","status":"publish","type":"page","link":"https:\/\/freiburgerleben.de\/it\/veranstaltungskalender\/","title":{"rendered":"Calendario degli eventi"},"content":{"rendered":"<div data-elementor-type=\"wp-page\" data-elementor-id=\"3067\" class=\"elementor elementor-3067\" data-elementor-post-type=\"page\">\n\t\t\t\t\t\t\t\t\t<section class=\"elementor-section elementor-top-section elementor-element elementor-element-68b08c86 elementor-section-height-min-height elementor-section-boxed elementor-section-height-default elementor-section-items-middle\" data-id=\"68b08c86\" data-element_type=\"section\" data-settings=\"{&quot;background_background&quot;:&quot;classic&quot;}\" data-e-bg-lazyload=\"\">\n\t\t\t\t\t\t\t<div class=\"elementor-background-overlay\"><\/div>\n\t\t\t\t\t\t\t<div class=\"elementor-container elementor-column-gap-default\">\n\t\t\t\t\t<div class=\"elementor-column elementor-col-100 elementor-top-column elementor-element elementor-element-5bc08851\" data-id=\"5bc08851\" data-element_type=\"column\">\n\t\t\t<div class=\"elementor-widget-wrap elementor-element-populated\">\n\t\t\t\t\t\t\t\t<section class=\"elementor-section elementor-inner-section elementor-element elementor-element-25002708 elementor-section-boxed elementor-section-height-default elementor-section-height-default\" data-id=\"25002708\" data-element_type=\"section\">\n\t\t\t\t\t\t<div class=\"elementor-container elementor-column-gap-default\">\n\t\t\t\t\t<div class=\"elementor-column elementor-col-100 elementor-inner-column elementor-element elementor-element-676e3737\" data-id=\"676e3737\" data-element_type=\"column\">\n\t\t\t<div class=\"elementor-widget-wrap elementor-element-populated\">\n\t\t\t\t\t\t\t\t<div class=\"elementor-element elementor-element-45a07bcc elementor-widget elementor-widget-heading\" data-id=\"45a07bcc\" data-element_type=\"widget\" data-widget_type=\"heading.default\">\n\t\t\t\t<div class=\"elementor-widget-container\">\n\t\t\t<style>\/*! elementor - v3.15.0 - 20-08-2023 *\/\n.elementor-heading-title{padding:0;margin:0;line-height:1}.elementor-widget-heading .elementor-heading-title[class*=elementor-size-]>a{color:inherit;font-size:inherit;line-height:inherit}.elementor-widget-heading .elementor-heading-title.elementor-size-small{font-size:15px}.elementor-widget-heading .elementor-heading-title.elementor-size-medium{font-size:19px}.elementor-widget-heading .elementor-heading-title.elementor-size-large{font-size:29px}.elementor-widget-heading .elementor-heading-title.elementor-size-xl{font-size:39px}.elementor-widget-heading .elementor-heading-title.elementor-size-xxl{font-size:59px}<\/style><h1 class=\"elementor-heading-title elementor-size-default\">Calendario degli eventi<\/h1>\t\t<\/div>\n\t\t\t\t<\/div>\n\t\t\t\t\t<\/div>\n\t\t<\/div>\n\t\t\t\t\t\t\t<\/div>\n\t\t<\/section>\n\t\t\t\t\t<\/div>\n\t\t<\/div>\n\t\t\t\t\t\t\t<\/div>\n\t\t<\/section>\n\t\t\t\t<section class=\"elementor-section elementor-top-section elementor-element elementor-element-7df8618 elementor-section-boxed elementor-section-height-default elementor-section-height-default\" data-id=\"7df8618\" data-element_type=\"section\" data-settings=\"{&quot;background_background&quot;:&quot;classic&quot;}\">\n\t\t\t\t\t\t<div class=\"elementor-container elementor-column-gap-default\">\n\t\t\t\t\t<div class=\"elementor-column elementor-col-100 elementor-top-column elementor-element elementor-element-444103e\" data-id=\"444103e\" data-element_type=\"column\">\n\t\t\t<div class=\"elementor-widget-wrap elementor-element-populated\">\n\t\t\t\t\t\t\t\t<div class=\"elementor-element elementor-element-3247ec1 dual-color elementor-widget elementor-widget-heading\" data-id=\"3247ec1\" data-element_type=\"widget\" data-widget_type=\"heading.default\">\n\t\t\t\t<div class=\"elementor-widget-container\">\n\t\t\t<h3 class=\"elementor-heading-title elementor-size-default\">Non riuscite a decidere?<\/h3>\t\t<\/div>\n\t\t\t\t<\/div>\n\t\t\t\t<div class=\"elementor-element elementor-element-e3573b2 elementor-widget elementor-widget-text-editor\" data-id=\"e3573b2\" data-element_type=\"widget\" data-widget_type=\"text-editor.default\">\n\t\t\t\t<div class=\"elementor-widget-container\">\n\t\t\t<style>\/*! elementor - v3.15.0 - 20-08-2023 *\/\n.elementor-widget-text-editor.elementor-drop-cap-view-stacked .elementor-drop-cap{background-color:#69727d;color:#fff}.elementor-widget-text-editor.elementor-drop-cap-view-framed .elementor-drop-cap{color:#69727d;border:3px solid;background-color:transparent}.elementor-widget-text-editor:not(.elementor-drop-cap-view-default) .elementor-drop-cap{margin-top:8px}.elementor-widget-text-editor:not(.elementor-drop-cap-view-default) .elementor-drop-cap-letter{width:1em;height:1em}.elementor-widget-text-editor .elementor-drop-cap{float:left;text-align:center;line-height:1;font-size:50px}.elementor-widget-text-editor .elementor-drop-cap-letter{display:inline-block}<\/style>\t\t\t\t<p>Siete flessibili in termini di tempo e volete sapere quali tour si svolgeranno nei prossimi giorni? Qui trovate una panoramica dei prossimi tour a Friburgo e dintorni.<\/p>\t\t\t\t\t\t<\/div>\n\t\t\t\t<\/div>\n\t\t\t\t\t<\/div>\n\t\t<\/div>\n\t\t\t\t\t\t\t<\/div>\n\t\t<\/section>\n\t\t\t\t<section class=\"elementor-section elementor-top-section elementor-element elementor-element-744ba43 elementor-section-boxed elementor-section-height-default elementor-section-height-default\" data-id=\"744ba43\" data-element_type=\"section\">\n\t\t\t\t\t\t<div class=\"elementor-container elementor-column-gap-default\">\n\t\t\t\t\t<div class=\"elementor-column elementor-col-100 elementor-top-column elementor-element elementor-element-70455cb\" data-id=\"70455cb\" data-element_type=\"column\">\n\t\t\t<div class=\"elementor-widget-wrap elementor-element-populated\">\n\t\t\t\t\t\t\t\t<div class=\"elementor-element elementor-element-2dffadc elementor-widget elementor-widget-html\" data-id=\"2dffadc\" data-element_type=\"widget\" data-widget_type=\"html.default\">\n\t\t\t\t<div class=\"elementor-widget-container\">\n\t\t\t<div class=\"BorlabsCookie\"><div class=\"_brlbs-content-blocker\"> <div class=\"_brlbs-default\"> <p>Fare clic sul pulsante sottostante per caricare il contenuto di www.datefix.de.<\/p> <p><a class=\"_brlbs-btn\" href=\"#\" data-borlabs-cookie-unblock role=\"button\">Contenuto del carico<\/a><\/p> <\/div> <\/div><div class=\"borlabs-hide\" data-borlabs-cookie-type=\"content-blocker\" data-borlabs-cookie-id=\"default\"><script type=\"text\/template\">PGlmcmFtZSB3aWR0aD0iMTAwJSIgaGVpZ2h0PSI4MDAiIGZyYW1lQm9yZGVyPSIwIiBzcmM9Imh0dHBzOi8vd3d3LmRhdGVmaXguZGUva2FsZW5kZXIvNTExMy8iPjwvaWZyYW1lPg==<\/script><\/div><\/div>\t\t<\/div>\n\t\t\t\t<\/div>\n\t\t\t\t\t<\/div>\n\t\t<\/div>\n\t\t\t\t\t\t\t<\/div>\n\t\t<\/section>\n\t\t\t\t\t\t\t<\/div>","protected":false},"excerpt":{"rendered":"<p>Calendario degli eventi Non riuscite a decidere? Siete flessibili in termini di tempo e volete scoprire quali tour si svolgeranno nei prossimi giorni? Qui trovate una panoramica dei prossimi tour a Friburgo e dintorni. Cliccate sul pulsante sottostante per caricare il contenuto di www.datefix.de. Carica il contenuto<\/p>","protected":false},"author":2,"featured_media":0,"parent":0,"menu_order":0,"comment_status":"closed","ping_status":"closed","template":"","meta":{"site-sidebar-layout":"no-sidebar","site-content-layout":"page-builder","ast-site-content-layout":"","site-content-style":"default","site-sidebar-style":"default","ast-global-header-display":"","ast-banner-title-visibility":"","ast-main-header-display":"","ast-hfb-above-header-display":"","ast-hfb-below-header-display":"","ast-hfb-mobile-header-display":"","site-post-title":"disabled","ast-breadcrumbs-content":"","ast-featured-img":"disabled","footer-sml-layout":"","theme-transparent-header-meta":"default","adv-header-id-meta":"","stick-header-meta":"default","header-above-stick-meta":"","header-main-stick-meta":"","header-below-stick-meta":"","astra-migrate-meta-layouts":"","footnotes":""},"class_list":["post-3067","page","type-page","status-publish","hentry"],"acf":[],"yoast_head":"<!-- This site is optimized with the Yoast SEO plugin v21.1 - https:\/\/yoast.com\/wordpress\/plugins\/seo\/ -->\n<title>Veranstaltungskalender - Freiburgerleben<\/title>\n<meta name=\"description\" content=\"Du bist dir noch unsicher und m\u00f6chtest wissen welche Touren als n\u00e4chstes anstehen? Hier erh\u00e4ltst du einen ganz einfachen \u00dcberblick.\" \/>\n<meta name=\"robots\" content=\"index, follow, max-snippet:-1, max-image-preview:large, max-video-preview:-1\" \/>\n<link rel=\"canonical\" href=\"https:\/\/freiburgerleben.de\/it\/veranstaltungskalender\/\" \/>\n<meta property=\"og:locale\" content=\"it_IT\" \/>\n<meta property=\"og:type\" content=\"article\" \/>\n<meta property=\"og:title\" content=\"Veranstaltungskalender - Freiburgerleben\" \/>\n<meta property=\"og:description\" content=\"Du bist dir noch unsicher und m\u00f6chtest wissen welche Touren als n\u00e4chstes anstehen? Hier erh\u00e4ltst du einen ganz einfachen \u00dcberblick.\" \/>\n<meta property=\"og:url\" content=\"https:\/\/freiburgerleben.de\/it\/veranstaltungskalender\/\" \/>\n<meta property=\"og:site_name\" content=\"Freiburgerleben\" \/>\n<meta property=\"article:publisher\" content=\"https:\/\/www.facebook.com\/freiburgerleben\" \/>\n<meta property=\"article:modified_time\" content=\"2026-03-27T02:08:03+00:00\" \/>\n<meta name=\"twitter:label1\" content=\"Tempo di lettura stimato\" \/>\n\t<meta name=\"twitter:data1\" content=\"1 minuto\" \/>\n<script type=\"application\/ld+json\" class=\"yoast-schema-graph\">{\"@context\":\"https:\/\/schema.org\",\"@graph\":[{\"@type\":\"WebPage\",\"@id\":\"https:\/\/freiburgerleben.de\/veranstaltungskalender\/\",\"url\":\"https:\/\/freiburgerleben.de\/veranstaltungskalender\/\",\"name\":\"Veranstaltungskalender - Freiburgerleben\",\"isPartOf\":{\"@id\":\"https:\/\/freiburgerleben.de\/#website\"},\"datePublished\":\"2023-03-31T10:13:31+00:00\",\"dateModified\":\"2026-03-27T02:08:03+00:00\",\"description\":\"Du bist dir noch unsicher und m\u00f6chtest wissen welche Touren als n\u00e4chstes anstehen? Hier erh\u00e4ltst du einen ganz einfachen \u00dcberblick.\",\"inLanguage\":\"it-IT\",\"potentialAction\":[{\"@type\":\"ReadAction\",\"target\":[\"https:\/\/freiburgerleben.de\/veranstaltungskalender\/\"]}]},{\"@type\":\"WebSite\",\"@id\":\"https:\/\/freiburgerleben.de\/#website\",\"url\":\"https:\/\/freiburgerleben.de\/\",\"name\":\"Freiburgerleben\",\"description\":\"Kulinarische Stadtf\u00fchrungen in Freiburg\",\"publisher\":{\"@id\":\"https:\/\/freiburgerleben.de\/#organization\"},\"potentialAction\":[{\"@type\":\"SearchAction\",\"target\":{\"@type\":\"EntryPoint\",\"urlTemplate\":\"https:\/\/freiburgerleben.de\/?s={search_term_string}\"},\"query-input\":\"required name=search_term_string\"}],\"inLanguage\":\"it-IT\"},{\"@type\":\"Organization\",\"@id\":\"https:\/\/freiburgerleben.de\/#organization\",\"name\":\"Freiburgerleben\",\"url\":\"https:\/\/freiburgerleben.de\/\",\"logo\":{\"@type\":\"ImageObject\",\"inLanguage\":\"it-IT\",\"@id\":\"https:\/\/freiburgerleben.de\/#\/schema\/logo\/image\/\",\"url\":\"https:\/\/fewordpress.live-website.com\/wp-content\/uploads\/2023\/04\/Freiburgerleben.png\",\"contentUrl\":\"https:\/\/fewordpress.live-website.com\/wp-content\/uploads\/2023\/04\/Freiburgerleben.png\",\"width\":512,\"height\":512,\"caption\":\"Freiburgerleben\"},\"image\":{\"@id\":\"https:\/\/freiburgerleben.de\/#\/schema\/logo\/image\/\"},\"sameAs\":[\"https:\/\/www.facebook.com\/freiburgerleben\",\"https:\/\/www.instagram.com\/freiburgerleben\/\"]}]}<\/script>\n<!-- \/ Yoast SEO plugin. -->","yoast_head_json":{"title":"Veranstaltungskalender - Freiburgerleben","description":"Du bist dir noch unsicher und m\u00f6chtest wissen welche Touren als n\u00e4chstes anstehen? Hier erh\u00e4ltst du einen ganz einfachen \u00dcberblick.","robots":{"index":"index","follow":"follow","max-snippet":"max-snippet:-1","max-image-preview":"max-image-preview:large","max-video-preview":"max-video-preview:-1"},"canonical":"https:\/\/freiburgerleben.de\/it\/veranstaltungskalender\/","og_locale":"it_IT","og_type":"article","og_title":"Veranstaltungskalender - Freiburgerleben","og_description":"Du bist dir noch unsicher und m\u00f6chtest wissen welche Touren als n\u00e4chstes anstehen? Hier erh\u00e4ltst du einen ganz einfachen \u00dcberblick.","og_url":"https:\/\/freiburgerleben.de\/it\/veranstaltungskalender\/","og_site_name":"Freiburgerleben","article_publisher":"https:\/\/www.facebook.com\/freiburgerleben","article_modified_time":"2026-03-27T02:08:03+00:00","twitter_misc":{"Tempo di lettura stimato":"1 minuto"},"schema":{"@context":"https:\/\/schema.org","@graph":[{"@type":"WebPage","@id":"https:\/\/freiburgerleben.de\/veranstaltungskalender\/","url":"https:\/\/freiburgerleben.de\/veranstaltungskalender\/","name":"Veranstaltungskalender - Freiburgerleben","isPartOf":{"@id":"https:\/\/freiburgerleben.de\/#website"},"datePublished":"2023-03-31T10:13:31+00:00","dateModified":"2026-03-27T02:08:03+00:00","description":"Du bist dir noch unsicher und m\u00f6chtest wissen welche Touren als n\u00e4chstes anstehen? Hier erh\u00e4ltst du einen ganz einfachen \u00dcberblick.","inLanguage":"it-IT","potentialAction":[{"@type":"ReadAction","target":["https:\/\/freiburgerleben.de\/veranstaltungskalender\/"]}]},{"@type":"WebSite","@id":"https:\/\/freiburgerleben.de\/#website","url":"https:\/\/freiburgerleben.de\/","name":"Freiburgerleben","description":"Kulinarische Stadtf\u00fchrungen in Freiburg","publisher":{"@id":"https:\/\/freiburgerleben.de\/#organization"},"potentialAction":[{"@type":"SearchAction","target":{"@type":"EntryPoint","urlTemplate":"https:\/\/freiburgerleben.de\/?s={search_term_string}"},"query-input":"required name=search_term_string"}],"inLanguage":"it-IT"},{"@type":"Organization","@id":"https:\/\/freiburgerleben.de\/#organization","name":"Freiburgerleben","url":"https:\/\/freiburgerleben.de\/","logo":{"@type":"ImageObject","inLanguage":"it-IT","@id":"https:\/\/freiburgerleben.de\/#\/schema\/logo\/image\/","url":"https:\/\/fewordpress.live-website.com\/wp-content\/uploads\/2023\/04\/Freiburgerleben.png","contentUrl":"https:\/\/fewordpress.live-website.com\/wp-content\/uploads\/2023\/04\/Freiburgerleben.png","width":512,"height":512,"caption":"Freiburgerleben"},"image":{"@id":"https:\/\/freiburgerleben.de\/#\/schema\/logo\/image\/"},"sameAs":["https:\/\/www.facebook.com\/freiburgerleben","https:\/\/www.instagram.com\/freiburgerleben\/"]}]}},"_links":{"self":[{"href":"https:\/\/freiburgerleben.de\/it\/wp-json\/wp\/v2\/pages\/3067","targetHints":{"allow":["GET"]}}],"collection":[{"href":"https:\/\/freiburgerleben.de\/it\/wp-json\/wp\/v2\/pages"}],"about":[{"href":"https:\/\/freiburgerleben.de\/it\/wp-json\/wp\/v2\/types\/page"}],"author":[{"embeddable":true,"href":"https:\/\/freiburgerleben.de\/it\/wp-json\/wp\/v2\/users\/2"}],"replies":[{"embeddable":true,"href":"https:\/\/freiburgerleben.de\/it\/wp-json\/wp\/v2\/comments?post=3067"}],"version-history":[{"count":56,"href":"https:\/\/freiburgerleben.de\/it\/wp-json\/wp\/v2\/pages\/3067\/revisions"}],"predecessor-version":[{"id":5945,"href":"https:\/\/freiburgerleben.de\/it\/wp-json\/wp\/v2\/pages\/3067\/revisions\/5945"}],"wp:attachment":[{"href":"https:\/\/freiburgerleben.de\/it\/wp-json\/wp\/v2\/media?parent=3067"}],"curies":[{"name":"wp","href":"https:\/\/api.w.org\/{rel}","templated":true}]}}