{"id":4082,"date":"2023-04-18T09:40:31","date_gmt":"2023-04-18T09:40:31","guid":{"rendered":"https:\/\/fewordpress.live-website.com\/?page_id=4082"},"modified":"2023-04-18T09:55:52","modified_gmt":"2023-04-18T09:55:52","slug":"impressum","status":"publish","type":"page","link":"https:\/\/freiburgerleben.de\/it\/impressum\/","title":{"rendered":"Impronta"},"content":{"rendered":"<div data-elementor-type=\"wp-page\" data-elementor-id=\"4082\" class=\"elementor elementor-4082\" data-elementor-post-type=\"page\">\n\t\t\t\t\t\t\t\t\t<section class=\"elementor-section elementor-top-section elementor-element elementor-element-867db90 elementor-section-boxed elementor-section-height-default elementor-section-height-default\" data-id=\"867db90\" data-element_type=\"section\" data-settings=\"{&quot;background_background&quot;:&quot;classic&quot;}\">\n\t\t\t\t\t\t<div class=\"elementor-container elementor-column-gap-default\">\n\t\t\t\t\t<div class=\"elementor-column elementor-col-100 elementor-top-column elementor-element elementor-element-8524743\" data-id=\"8524743\" data-element_type=\"column\">\n\t\t\t<div class=\"elementor-widget-wrap elementor-element-populated\">\n\t\t\t\t\t\t\t\t<div class=\"elementor-element elementor-element-dd0883b dual-color elementor-widget elementor-widget-heading\" data-id=\"dd0883b\" data-element_type=\"widget\" data-widget_type=\"heading.default\">\n\t\t\t\t<div class=\"elementor-widget-container\">\n\t\t\t<style>\/*! elementor - v3.15.0 - 20-08-2023 *\/\n.elementor-heading-title{padding:0;margin:0;line-height:1}.elementor-widget-heading .elementor-heading-title[class*=elementor-size-]>a{color:inherit;font-size:inherit;line-height:inherit}.elementor-widget-heading .elementor-heading-title.elementor-size-small{font-size:15px}.elementor-widget-heading .elementor-heading-title.elementor-size-medium{font-size:19px}.elementor-widget-heading .elementor-heading-title.elementor-size-large{font-size:29px}.elementor-widget-heading .elementor-heading-title.elementor-size-xl{font-size:39px}.elementor-widget-heading .elementor-heading-title.elementor-size-xxl{font-size:59px}<\/style><h3 class=\"elementor-heading-title elementor-size-default\">Impronta<\/h3>\t\t<\/div>\n\t\t\t\t<\/div>\n\t\t\t\t<div class=\"elementor-element elementor-element-9afa9f8 elementor-widget elementor-widget-text-editor\" data-id=\"9afa9f8\" data-element_type=\"widget\" data-widget_type=\"text-editor.default\">\n\t\t\t\t<div class=\"elementor-widget-container\">\n\t\t\t<style>\/*! elementor - v3.15.0 - 20-08-2023 *\/\n.elementor-widget-text-editor.elementor-drop-cap-view-stacked .elementor-drop-cap{background-color:#69727d;color:#fff}.elementor-widget-text-editor.elementor-drop-cap-view-framed .elementor-drop-cap{color:#69727d;border:3px solid;background-color:transparent}.elementor-widget-text-editor:not(.elementor-drop-cap-view-default) .elementor-drop-cap{margin-top:8px}.elementor-widget-text-editor:not(.elementor-drop-cap-view-default) .elementor-drop-cap-letter{width:1em;height:1em}.elementor-widget-text-editor .elementor-drop-cap{float:left;text-align:center;line-height:1;font-size:50px}.elementor-widget-text-editor .elementor-drop-cap-letter{display:inline-block}<\/style>\t\t\t\t<p><strong>Informazioni ai sensi del \u00a7 5 TMG<\/strong><\/p><p>Ulrike Peissl e Nikolaus Gro\u00df GbR<br \/>Via dell'Aquila 10<br \/>79098 Friburgo in Brisgovia<\/p><p><strong>Rappresentato da:<\/strong><br \/>Ulrike Peissl e Nikolaus Gro\u00df<\/p><p><strong>Contatto<\/strong><\/p><p>Telefono: 0761 50373332<br \/>E-mail: info@freiburgerleben.de<\/p><p><strong>ID IVA<\/strong><\/p><p>Numero di identificazione dell'imposta sulle vendite ai sensi del \u00a7 27 a della legge tedesca sull'imposta sulle vendite:<br \/>DE 300485926<\/p><p><strong>Responsabile editoriale<\/strong><\/p><p>Ulrike Peissl e Nikolaus Gro\u00df GbR<br \/>Amministratori delegati: Ulrike Peissl &amp; Nikolaus Gro\u00df M.A.<br \/>Via dell'Aquila 10<br \/>79098 Friburgo in Brisgovia<\/p><p><strong>Risoluzione delle controversie nell'UE<\/strong><\/p><p>La Commissione europea offre una piattaforma per la risoluzione delle controversie online (ODR): <a href=\"https:\/\/ec.europa.eu\/consumers\/odr\/\" target=\"_blank\" rel=\"noopener noreferrer\">https:\/\/ec.europa.eu\/consumers\/odr\/<\/a>.<br \/>Il nostro indirizzo e-mail \u00e8 riportato nel riquadro in alto.<\/p><p><strong>Risoluzione delle controversie dei consumatori\/Consiglio arbitrale universale<\/strong><\/p><p>Non siamo disposti o obbligati a partecipare a procedure di risoluzione delle controversie davanti a un collegio arbitrale dei consumatori.<\/p>\t\t\t\t\t\t<\/div>\n\t\t\t\t<\/div>\n\t\t\t\t<div class=\"elementor-element elementor-element-039c0b3 elementor-widget elementor-widget-image\" data-id=\"039c0b3\" data-element_type=\"widget\" data-widget_type=\"image.default\">\n\t\t\t\t<div class=\"elementor-widget-container\">\n\t\t\t<style>\/*! elementor - v3.15.0 - 20-08-2023 *\/\n.elementor-widget-image{text-align:center}.elementor-widget-image a{display:inline-block}.elementor-widget-image a img[src$=\".svg\"]{width:48px}.elementor-widget-image img{vertical-align:middle;display:inline-block}<\/style>\t\t\t\t\t\t\t\t\t\t\t\t<img loading=\"lazy\" decoding=\"async\" width=\"120\" height=\"156\" src=\"https:\/\/freiburgerleben.de\/wp-content\/uploads\/2023\/04\/erecht24-siegel-impressum-rot.png\" class=\"attachment-large size-large wp-image-4117\" alt=\"\" \/>\t\t\t\t\t\t\t\t\t\t\t\t\t\t\t<\/div>\n\t\t\t\t<\/div>\n\t\t\t\t\t<\/div>\n\t\t<\/div>\n\t\t\t\t\t\t\t<\/div>\n\t\t<\/section>\n\t\t\t\t\t\t\t<\/div>","protected":false},"excerpt":{"rendered":"<p>Informazioni ai sensi del \u00a7 5 TMG Ulrike Peissl e Nikolaus Gro\u00df GbRAdlerstra\u00dfe 1079098 Friburgo in Brisgovia Rappresentato da:Ulrike Peissl e Nikolaus Gro\u00df Telefono di contatto: 0761 50373332E-Mail: info@freiburgerleben.de Codice di identificazione dell'imposta sulle vendite Numero di identificazione dell'imposta sulle vendite ai sensi del \u00a7 27 a Umsatzsteuergesetz:DE 300485926 Responsabile editoriale Ulrike Peissl e Nikolaus Gro\u00df GbDirettori: Ulrike Peissl &amp; Nikolaus Gro\u00df M.A.Adlerstra\u00dfe 1079098 Friburgo in Brisgovia Risoluzione delle controversie UE Il ...<\/p>\n<p class=\"read-more\"> <a class=\"\" href=\"https:\/\/freiburgerleben.de\/it\/impressum\/\"> <span class=\"screen-reader-text\">Impronta<\/span> Leggi altro \"<\/a><\/p>","protected":false},"author":1,"featured_media":0,"parent":0,"menu_order":0,"comment_status":"closed","ping_status":"closed","template":"","meta":{"site-sidebar-layout":"no-sidebar","site-content-layout":"page-builder","ast-site-content-layout":"","site-content-style":"default","site-sidebar-style":"default","ast-global-header-display":"","ast-banner-title-visibility":"","ast-main-header-display":"","ast-hfb-above-header-display":"","ast-hfb-below-header-display":"","ast-hfb-mobile-header-display":"","site-post-title":"disabled","ast-breadcrumbs-content":"","ast-featured-img":"disabled","footer-sml-layout":"","theme-transparent-header-meta":"","adv-header-id-meta":"","stick-header-meta":"","header-above-stick-meta":"","header-main-stick-meta":"","header-below-stick-meta":"","astra-migrate-meta-layouts":"","footnotes":""},"class_list":["post-4082","page","type-page","status-publish","hentry"],"acf":[],"yoast_head":"<!-- This site is optimized with the Yoast SEO plugin v21.1 - https:\/\/yoast.com\/wordpress\/plugins\/seo\/ -->\n<title>Impressum - Freiburgerleben<\/title>\n<meta name=\"robots\" content=\"index, follow, max-snippet:-1, max-image-preview:large, max-video-preview:-1\" \/>\n<link rel=\"canonical\" href=\"https:\/\/freiburgerleben.de\/it\/impressum\/\" \/>\n<meta property=\"og:locale\" content=\"it_IT\" \/>\n<meta property=\"og:type\" content=\"article\" \/>\n<meta property=\"og:title\" content=\"Impressum - Freiburgerleben\" \/>\n<meta property=\"og:description\" content=\"Impressum Angaben gem\u00e4\u00df \u00a7 5 TMG Ulrike Peissl und Nikolaus Gro\u00df GbRAdlerstra\u00dfe 1079098 Freiburg im Breisgau Vertreten durch:Ulrike Peissl und Nikolaus Gro\u00df Kontakt Telefon: 0761 50373332E-Mail: info@freiburgerleben.de Umsatzsteuer-ID Umsatzsteuer-Identifikationsnummer gem\u00e4\u00df \u00a7 27 a Umsatzsteuergesetz:DE 300485926 Redaktionell verantwortlich Ulrike Peissl und Nikolaus Gro\u00df GbRGesch\u00e4ftsf\u00fchrer: Ulrike Peissl &amp; Nikolaus Gro\u00df M.A.Adlerstra\u00dfe 1079098 Freiburg im Breisgau EU-Streitschlichtung Die &hellip; Impressum Leggi altro &raquo;\" \/>\n<meta property=\"og:url\" content=\"https:\/\/freiburgerleben.de\/it\/impressum\/\" \/>\n<meta property=\"og:site_name\" content=\"Freiburgerleben\" \/>\n<meta property=\"article:publisher\" content=\"https:\/\/www.facebook.com\/freiburgerleben\" \/>\n<meta property=\"article:modified_time\" content=\"2023-04-18T09:55:52+00:00\" \/>\n<meta property=\"og:image\" content=\"https:\/\/fewordpress.live-website.com\/wp-content\/uploads\/2023\/04\/erecht24-siegel-impressum-rot.png\" \/>\n<meta name=\"twitter:label1\" content=\"Tempo di lettura stimato\" \/>\n\t<meta name=\"twitter:data1\" content=\"1 minuto\" \/>\n<script type=\"application\/ld+json\" class=\"yoast-schema-graph\">{\"@context\":\"https:\/\/schema.org\",\"@graph\":[{\"@type\":\"WebPage\",\"@id\":\"https:\/\/freiburgerleben.de\/impressum\/\",\"url\":\"https:\/\/freiburgerleben.de\/impressum\/\",\"name\":\"Impressum - Freiburgerleben\",\"isPartOf\":{\"@id\":\"https:\/\/freiburgerleben.de\/#website\"},\"datePublished\":\"2023-04-18T09:40:31+00:00\",\"dateModified\":\"2023-04-18T09:55:52+00:00\",\"inLanguage\":\"it-IT\",\"potentialAction\":[{\"@type\":\"ReadAction\",\"target\":[\"https:\/\/freiburgerleben.de\/impressum\/\"]}]},{\"@type\":\"WebSite\",\"@id\":\"https:\/\/freiburgerleben.de\/#website\",\"url\":\"https:\/\/freiburgerleben.de\/\",\"name\":\"Freiburgerleben\",\"description\":\"Kulinarische Stadtf\u00fchrungen in Freiburg\",\"publisher\":{\"@id\":\"https:\/\/freiburgerleben.de\/#organization\"},\"potentialAction\":[{\"@type\":\"SearchAction\",\"target\":{\"@type\":\"EntryPoint\",\"urlTemplate\":\"https:\/\/freiburgerleben.de\/?s={search_term_string}\"},\"query-input\":\"required name=search_term_string\"}],\"inLanguage\":\"it-IT\"},{\"@type\":\"Organization\",\"@id\":\"https:\/\/freiburgerleben.de\/#organization\",\"name\":\"Freiburgerleben\",\"url\":\"https:\/\/freiburgerleben.de\/\",\"logo\":{\"@type\":\"ImageObject\",\"inLanguage\":\"it-IT\",\"@id\":\"https:\/\/freiburgerleben.de\/#\/schema\/logo\/image\/\",\"url\":\"https:\/\/fewordpress.live-website.com\/wp-content\/uploads\/2023\/04\/Freiburgerleben.png\",\"contentUrl\":\"https:\/\/fewordpress.live-website.com\/wp-content\/uploads\/2023\/04\/Freiburgerleben.png\",\"width\":512,\"height\":512,\"caption\":\"Freiburgerleben\"},\"image\":{\"@id\":\"https:\/\/freiburgerleben.de\/#\/schema\/logo\/image\/\"},\"sameAs\":[\"https:\/\/www.facebook.com\/freiburgerleben\",\"https:\/\/www.instagram.com\/freiburgerleben\/\"]}]}<\/script>\n<!-- \/ Yoast SEO plugin. -->","yoast_head_json":{"title":"Impressum - Freiburgerleben","robots":{"index":"index","follow":"follow","max-snippet":"max-snippet:-1","max-image-preview":"max-image-preview:large","max-video-preview":"max-video-preview:-1"},"canonical":"https:\/\/freiburgerleben.de\/it\/impressum\/","og_locale":"it_IT","og_type":"article","og_title":"Impressum - Freiburgerleben","og_description":"Impressum Angaben gem\u00e4\u00df \u00a7 5 TMG Ulrike Peissl und Nikolaus Gro\u00df GbRAdlerstra\u00dfe 1079098 Freiburg im Breisgau Vertreten durch:Ulrike Peissl und Nikolaus Gro\u00df Kontakt Telefon: 0761 50373332E-Mail: info@freiburgerleben.de Umsatzsteuer-ID Umsatzsteuer-Identifikationsnummer gem\u00e4\u00df \u00a7 27 a Umsatzsteuergesetz:DE 300485926 Redaktionell verantwortlich Ulrike Peissl und Nikolaus Gro\u00df GbRGesch\u00e4ftsf\u00fchrer: Ulrike Peissl &amp; Nikolaus Gro\u00df M.A.Adlerstra\u00dfe 1079098 Freiburg im Breisgau EU-Streitschlichtung Die &hellip; Impressum Leggi altro &raquo;","og_url":"https:\/\/freiburgerleben.de\/it\/impressum\/","og_site_name":"Freiburgerleben","article_publisher":"https:\/\/www.facebook.com\/freiburgerleben","article_modified_time":"2023-04-18T09:55:52+00:00","og_image":[{"url":"https:\/\/fewordpress.live-website.com\/wp-content\/uploads\/2023\/04\/erecht24-siegel-impressum-rot.png"}],"twitter_misc":{"Tempo di lettura stimato":"1 minuto"},"schema":{"@context":"https:\/\/schema.org","@graph":[{"@type":"WebPage","@id":"https:\/\/freiburgerleben.de\/impressum\/","url":"https:\/\/freiburgerleben.de\/impressum\/","name":"Impressum - Freiburgerleben","isPartOf":{"@id":"https:\/\/freiburgerleben.de\/#website"},"datePublished":"2023-04-18T09:40:31+00:00","dateModified":"2023-04-18T09:55:52+00:00","inLanguage":"it-IT","potentialAction":[{"@type":"ReadAction","target":["https:\/\/freiburgerleben.de\/impressum\/"]}]},{"@type":"WebSite","@id":"https:\/\/freiburgerleben.de\/#website","url":"https:\/\/freiburgerleben.de\/","name":"Freiburgerleben","description":"Kulinarische Stadtf\u00fchrungen in Freiburg","publisher":{"@id":"https:\/\/freiburgerleben.de\/#organization"},"potentialAction":[{"@type":"SearchAction","target":{"@type":"EntryPoint","urlTemplate":"https:\/\/freiburgerleben.de\/?s={search_term_string}"},"query-input":"required name=search_term_string"}],"inLanguage":"it-IT"},{"@type":"Organization","@id":"https:\/\/freiburgerleben.de\/#organization","name":"Freiburgerleben","url":"https:\/\/freiburgerleben.de\/","logo":{"@type":"ImageObject","inLanguage":"it-IT","@id":"https:\/\/freiburgerleben.de\/#\/schema\/logo\/image\/","url":"https:\/\/fewordpress.live-website.com\/wp-content\/uploads\/2023\/04\/Freiburgerleben.png","contentUrl":"https:\/\/fewordpress.live-website.com\/wp-content\/uploads\/2023\/04\/Freiburgerleben.png","width":512,"height":512,"caption":"Freiburgerleben"},"image":{"@id":"https:\/\/freiburgerleben.de\/#\/schema\/logo\/image\/"},"sameAs":["https:\/\/www.facebook.com\/freiburgerleben","https:\/\/www.instagram.com\/freiburgerleben\/"]}]}},"_links":{"self":[{"href":"https:\/\/freiburgerleben.de\/it\/wp-json\/wp\/v2\/pages\/4082","targetHints":{"allow":["GET"]}}],"collection":[{"href":"https:\/\/freiburgerleben.de\/it\/wp-json\/wp\/v2\/pages"}],"about":[{"href":"https:\/\/freiburgerleben.de\/it\/wp-json\/wp\/v2\/types\/page"}],"author":[{"embeddable":true,"href":"https:\/\/freiburgerleben.de\/it\/wp-json\/wp\/v2\/users\/1"}],"replies":[{"embeddable":true,"href":"https:\/\/freiburgerleben.de\/it\/wp-json\/wp\/v2\/comments?post=4082"}],"version-history":[{"count":14,"href":"https:\/\/freiburgerleben.de\/it\/wp-json\/wp\/v2\/pages\/4082\/revisions"}],"predecessor-version":[{"id":4120,"href":"https:\/\/freiburgerleben.de\/it\/wp-json\/wp\/v2\/pages\/4082\/revisions\/4120"}],"wp:attachment":[{"href":"https:\/\/freiburgerleben.de\/it\/wp-json\/wp\/v2\/media?parent=4082"}],"curies":[{"name":"wp","href":"https:\/\/api.w.org\/{rel}","templated":true}]}}