{"id":5059,"date":"2023-09-06T07:27:05","date_gmt":"2023-09-06T07:27:05","guid":{"rendered":"https:\/\/fewordpress.live-website.com\/?page_id=5059"},"modified":"2023-11-26T09:47:22","modified_gmt":"2023-11-26T09:47:22","slug":"agb","status":"publish","type":"page","link":"https:\/\/freiburgerleben.de\/it\/agb\/","title":{"rendered":"AGB"},"content":{"rendered":"<div data-elementor-type=\"wp-page\" data-elementor-id=\"5059\" class=\"elementor elementor-5059\" data-elementor-post-type=\"page\">\n\t\t\t\t\t\t\t\t\t<section class=\"elementor-section elementor-top-section elementor-element elementor-element-867db90 elementor-section-boxed elementor-section-height-default elementor-section-height-default\" data-id=\"867db90\" data-element_type=\"section\" data-settings=\"{&quot;background_background&quot;:&quot;classic&quot;}\">\n\t\t\t\t\t\t<div class=\"elementor-container elementor-column-gap-default\">\n\t\t\t\t\t<div class=\"elementor-column elementor-col-100 elementor-top-column elementor-element elementor-element-8524743\" data-id=\"8524743\" data-element_type=\"column\">\n\t\t\t<div class=\"elementor-widget-wrap elementor-element-populated\">\n\t\t\t\t\t\t\t\t<div class=\"elementor-element elementor-element-dd0883b dual-color elementor-widget elementor-widget-heading\" data-id=\"dd0883b\" data-element_type=\"widget\" data-widget_type=\"heading.default\">\n\t\t\t\t<div class=\"elementor-widget-container\">\n\t\t\t<style>\/*! elementor - v3.15.0 - 20-08-2023 *\/\n.elementor-heading-title{padding:0;margin:0;line-height:1}.elementor-widget-heading .elementor-heading-title[class*=elementor-size-]>a{color:inherit;font-size:inherit;line-height:inherit}.elementor-widget-heading .elementor-heading-title.elementor-size-small{font-size:15px}.elementor-widget-heading .elementor-heading-title.elementor-size-medium{font-size:19px}.elementor-widget-heading .elementor-heading-title.elementor-size-large{font-size:29px}.elementor-widget-heading .elementor-heading-title.elementor-size-xl{font-size:39px}.elementor-widget-heading .elementor-heading-title.elementor-size-xxl{font-size:59px}<\/style><h3 class=\"elementor-heading-title elementor-size-default\">Termini e condizioni generali (GTC)<\/h3>\t\t<\/div>\n\t\t\t\t<\/div>\n\t\t\t\t<div class=\"elementor-element elementor-element-9afa9f8 elementor-widget elementor-widget-text-editor\" data-id=\"9afa9f8\" data-element_type=\"widget\" data-widget_type=\"text-editor.default\">\n\t\t\t\t<div class=\"elementor-widget-container\">\n\t\t\t<style>\/*! elementor - v3.15.0 - 20-08-2023 *\/\n.elementor-widget-text-editor.elementor-drop-cap-view-stacked .elementor-drop-cap{background-color:#69727d;color:#fff}.elementor-widget-text-editor.elementor-drop-cap-view-framed .elementor-drop-cap{color:#69727d;border:3px solid;background-color:transparent}.elementor-widget-text-editor:not(.elementor-drop-cap-view-default) .elementor-drop-cap{margin-top:8px}.elementor-widget-text-editor:not(.elementor-drop-cap-view-default) .elementor-drop-cap-letter{width:1em;height:1em}.elementor-widget-text-editor .elementor-drop-cap{float:left;text-align:center;line-height:1;font-size:50px}.elementor-widget-text-editor .elementor-drop-cap-letter{display:inline-block}<\/style>\t\t\t\t<p>Le seguenti condizioni regolano il rapporto giuridico tra i clienti e \"Freiburgerleben\" per tutti i tour e le escursioni in citt\u00e0 e integrano il regolamento di viaggio del \u00a7 651a I BGB. Esse vengono accettate dal cliente con la prenotazione.<\/p>\n<ol>\n<li><b>CONTRATTO<\/b><\/li>\n<\/ol>\n<p>Gli ordini verbali diventano effettivi solo dopo la conferma scritta di \"Freiburgerleben\". Il contratto si conclude con la conferma scritta della prenotazione da parte di \"Freiburgerleben\". Le richieste specificatamente espresse dal cliente devono essere espressamente confermate per iscritto da \"Freiburgerleben\". In caso contrario, non fanno parte del presente contratto.<\/p>\n<ol start=\"2\">\n<li><b>PRESTAZIONI<\/b><\/li>\n<\/ol>\n<p>L'entit\u00e0 e la natura delle prestazioni contrattuali si basano esclusivamente sulle informazioni contenute nella conferma e nella descrizione dei servizi del programma \"Freiburgerleben\" in vigore al momento della visita\/tour. Ci riserviamo il diritto di apportare modifiche a tali informazioni mediante apposite comunicazioni prima della stipula del contratto. I prezzi applicabili sono indicati nei nostri listini prezzi attuali. I prezzi non comprendono i biglietti d'ingresso ai musei. La dimensione massima del gruppo \u00e8 di 25 persone. Se il numero di persone \u00e8 26, \u00e8 necessario ingaggiare una seconda guida turistica. Ci riserviamo il diritto di apportare modifiche a breve termine ai singoli servizi durante una visita guidata\/un tour a causa di circostanze locali imprevedibili (ad es. servizio religioso, tempo atmosferico, ecc.) o a causa di ritardi di cui \"Freiburgerleben\" non \u00e8 responsabile o per volont\u00e0 dei partecipanti. Le visite organizzate da \"Freiburgerleben\" si svolgono con qualsiasi tempo. Tuttavia, \"Freiburgerleben\" si impegna a organizzare un programma alternativo su richiesta del cliente. I costi del programma alternativo (ad es. visita a un museo) sono a carico del cliente. La guida turistica attender\u00e0 30 minuti al punto d'incontro concordato. In caso di ritardo, il cliente non ha diritto a un prolungamento del tour o a una riduzione del prezzo. Se la guida turistica non arriva al punto d'incontro al massimo 15 minuti dopo l'inizio concordato del tour, cercheremo di trovare un'altra guida turistica.<\/p>\n<ol start=\"3\">\n<li><b>PAGAMENTO<\/b><\/li>\n<\/ol>\n<p>Con la conferma della conclusione del contratto, \"Freiburgerleben\" vi invier\u00e0 contemporaneamente la fattura. L'importo indicato deve essere pagato prima di partecipare alla visita guidata.<\/p>\n<ol start=\"4\">\n<li><b>ANNULLAMENTO E RIPRENOTAZIONE DA PARTE DEL CLIENTE<\/b><\/li>\n<\/ol>\n<p>Il cliente pu\u00f2 annullare gratuitamente fino a un massimo di 7 giorni prima del tour. In caso di cancellazione il 2\u00b0-6\u00b0 giorno prima del tour, sar\u00e0 dovuto 50% del costo del tour. Da un giorno prima del tour l'intero importo. In caso di nuova prenotazione, verr\u00e0 addebitato un minimo di 10\u20ac.&nbsp;<\/p>\n<p>Per i tour culinari, il numero di partecipanti pu\u00f2 essere ridotto di un massimo di 10% fino a 3 giorni prima del tour.&nbsp;<span style=\"font-style: inherit; font-weight: inherit; color: var( --e-global-color-text );\">Il numero minimo di partecipanti non deve essere inferiore a 10 ospiti.<\/span><\/p>\n<p><o:p><\/o:p><\/p>\n<ol start=\"5\">\n<li><b>Dimissioni e rinuncia da parte di \"Freiburgerleben<\/b><\/li>\n<\/ol>\n<p>\"Freiburgerleben\" pu\u00f2 recedere dal contratto prima dell'inizio del tour o rescindere il contratto dopo l'inizio del tour nei seguenti casi:<\/p>\n<p>a) senza rispettare un termine di preavviso, se il cliente disturba in modo persistente l'esecuzione della visita guidata nonostante l'avvertimento di \"Freiburgerleben\" o se si comporta in misura considerevole in violazione del contratto, \u00e8 giustificata la risoluzione immediata del contratto.<\/p>\n<p>b) senza rispettare una scadenza in caso di circostanze straordinarie, come la cancellazione imprevedibile da parte di una guida turistica. Al cliente verr\u00e0 immediatamente rimborsato l'importo gi\u00e0 trasferito.<\/p>\n<p>c) Sia \"Freiburgerleben\" che il cliente possono recedere dal contratto se, per cause di forza maggiore non prevedibili al momento della stipula del contratto, il tour\/viaggio viene notevolmente impedito, messo in pericolo o compromesso.<\/p>\n<ol start=\"6\">\n<li><b>RESPONSABILIT\u00c0<\/b><\/li>\n<\/ol>\n<p>6.1 \"Freiburgerleben\" risponde nell'ambito dell'obbligo di diligenza di un imprenditore avveduto per:<\/p>\n<p>a. la preparazione coscienziosa del viaggio;<\/p>\n<p>b. l'attenta selezione e il monitoraggio dei fornitori di servizi;<\/p>\n<p>c. la corretta fornitura dei servizi di viaggio concordati contrattualmente.<\/p>\n<p>La partecipazione alle visite guidate\/alle escursioni \u00e8 a proprio rischio e responsabilit\u00e0 (es. B\u00e4chle). Ogni partecipante \u00e8 responsabile del rispetto del codice della strada. La partecipazione dei minorenni \u00e8 possibile in compagnia di un genitore o di un tutore o di un insegnante supervisore. I partecipanti si impegnano a seguire le istruzioni della guida turistica durante le escursioni e a non agire di propria autorit\u00e0. \"Freiburgerleben\" non risponde dei difetti di terzi. \"Freiburgerleben\" risponde solo per quei danni che si basano su una violazione del contratto intenzionale o per grave negligenza da parte della guida turistica stessa o di agenti ausiliari. La limitazione di responsabilit\u00e0 non si applica ai danni derivanti da lesioni alla vita, al corpo o alla salute dovute a una violazione negligente dell'obbligo da parte dell'utente o a una violazione intenzionale o negligente dell'obbligo da parte di un rappresentante legale o di un agente ausiliario dell'utente. Negli altri casi, la responsabilit\u00e0 della guida turistica si riferisce esclusivamente all'adempimento dell'ambito dei servizi concordati ed \u00e8 limitata all'importo massimo dell'onorario della guida. Il cliente \u00e8 tenuto a collaborare in caso di interruzioni del servizio, per evitare eventuali danni o per ridurli al minimo, nella misura in cui ci\u00f2 sia ragionevole per il cliente. In particolare, il partecipante al tour \u00e8 tenuto a sottoporre senza indugio i propri reclami all'attenzione della guida turistica responsabile in loco. Se il cliente omette colpevolmente di segnalare un difetto alla guida turistica locale e se ci si pu\u00f2 ragionevolmente aspettare che lo faccia, non avr\u00e0 diritto ad alcun reclamo al riguardo.<\/p>\n<ol start=\"7\">\n<li><b>LIMITAZIONE, DIVIETO DI CESSIONE<\/b><\/li>\n<\/ol>\n<p>I reclami del cliente sono soggetti a un periodo di prescrizione di sei mesi. Il termine di prescrizione decorre dal giorno in cui il tour\/viaggio dovrebbe terminare secondo il contratto. Se il cliente ha fatto valere tali diritti, il termine di prescrizione \u00e8 sospeso fino al giorno in cui \"Freiburgerleben\" li respinge per iscritto.<\/p>\n<ol start=\"8\">\n<li><b>GENERALE<\/b><\/li>\n<\/ol>\n<p>Con la pubblicazione di nuovi opuscoli, tutte le nostre precedenti pubblicazioni su tour, prezzi e date con lo stesso nome perdono la loro validit\u00e0. Si declina ogni responsabilit\u00e0 per errori di stampa e di calcolo. L'invalidit\u00e0 di una parte di questi termini e condizioni non pregiudica la validit\u00e0 delle altre disposizioni.<\/p>\n<ol start=\"9\">\n<li><b>GIURISDIZIONE<\/b><\/li>\n<\/ol>\n<p>Per i commercianti, per le persone che non hanno un foro competente generale in Germania, nonch\u00e9 per le persone che hanno trasferito il loro domicilio o la loro residenza all'estero dopo la conclusione del contratto o il cui domicilio o la cui residenza abituale sono sconosciuti al momento della presentazione dell'azione, si concorda Friburgo in Brisgovia come foro competente, nella misura in cui ci\u00f2 sia legalmente consentito. Il diritto tedesco \u00e8 riconosciuto da tutti i partner contrattuali. Le presenti CGV si applicano a partire dal 1\u00b0 gennaio 2018<\/p>\t\t\t\t\t\t<\/div>\n\t\t\t\t<\/div>\n\t\t\t\t\t<\/div>\n\t\t<\/div>\n\t\t\t\t\t\t\t<\/div>\n\t\t<\/section>\n\t\t\t\t\t\t\t<\/div>","protected":false},"excerpt":{"rendered":"<p>Condizioni generali di contratto (CG) Le seguenti condizioni regolano il rapporto giuridico tra i clienti e \"Freiburgerleben\" per tutte le visite e le escursioni in citt\u00e0 e integrano il regolamento di viaggio del \u00a7 651a I BGB. Esse vengono accettate dal cliente con la prenotazione. CONCLUSIONE DEL CONTRATTO Gli ordini verbali diventano effettivi solo dopo la conferma scritta da parte di \"Freiburgerleben\". Il contratto si conclude con il ...<\/p>\n<p class=\"read-more\"> <a class=\"\" href=\"https:\/\/freiburgerleben.de\/it\/agb\/\"> <span class=\"screen-reader-text\">AGB<\/span> Leggi altro \"<\/a><\/p>","protected":false},"author":1,"featured_media":0,"parent":0,"menu_order":0,"comment_status":"closed","ping_status":"closed","template":"","meta":{"site-sidebar-layout":"no-sidebar","site-content-layout":"page-builder","ast-site-content-layout":"","site-content-style":"default","site-sidebar-style":"default","ast-global-header-display":"","ast-banner-title-visibility":"","ast-main-header-display":"","ast-hfb-above-header-display":"","ast-hfb-below-header-display":"","ast-hfb-mobile-header-display":"","site-post-title":"disabled","ast-breadcrumbs-content":"","ast-featured-img":"disabled","footer-sml-layout":"","theme-transparent-header-meta":"","adv-header-id-meta":"","stick-header-meta":"","header-above-stick-meta":"","header-main-stick-meta":"","header-below-stick-meta":"","astra-migrate-meta-layouts":"","footnotes":""},"class_list":["post-5059","page","type-page","status-publish","hentry"],"acf":[],"yoast_head":"<!-- This site is optimized with the Yoast SEO plugin v21.1 - https:\/\/yoast.com\/wordpress\/plugins\/seo\/ -->\n<title>AGB - Freiburgerleben<\/title>\n<meta name=\"robots\" content=\"index, follow, max-snippet:-1, max-image-preview:large, max-video-preview:-1\" \/>\n<link rel=\"canonical\" href=\"https:\/\/freiburgerleben.de\/it\/agb\/\" \/>\n<meta property=\"og:locale\" content=\"it_IT\" \/>\n<meta property=\"og:type\" content=\"article\" \/>\n<meta property=\"og:title\" content=\"AGB - Freiburgerleben\" \/>\n<meta property=\"og:description\" content=\"Allgemeine Gesch\u00e4ftsbedingungen (AGB) Die nachfolgenden Bedingungen regeln das Rechtsverh\u00e4ltnis f\u00fcr alle Stadtf\u00fchrungen und Ausflugsfahrten zwischen den Kunden und &#8222;Freiburgerleben&#8220; und erg\u00e4nzen die reiserechtlichen Vorschriften des \u00a7 651a I BGB. Sie werden von dem Kunden mit der Buchung anerkannt. VERTRAGSABSCHLUSS M\u00fcndliche erteilte Auftr\u00e4ge erlangen erst nach schriftlicher Best\u00e4tigung durch &#8222;Freiburgerleben&#8220; Wirksamkeit. Der Vertrag kommt durch die &hellip; AGB Leggi altro &raquo;\" \/>\n<meta property=\"og:url\" content=\"https:\/\/freiburgerleben.de\/it\/agb\/\" \/>\n<meta property=\"og:site_name\" content=\"Freiburgerleben\" \/>\n<meta property=\"article:publisher\" content=\"https:\/\/www.facebook.com\/freiburgerleben\" \/>\n<meta property=\"article:modified_time\" content=\"2023-11-26T09:47:22+00:00\" \/>\n<meta name=\"twitter:label1\" content=\"Tempo di lettura stimato\" \/>\n\t<meta name=\"twitter:data1\" content=\"5 minuti\" \/>\n<script type=\"application\/ld+json\" class=\"yoast-schema-graph\">{\"@context\":\"https:\/\/schema.org\",\"@graph\":[{\"@type\":\"WebPage\",\"@id\":\"https:\/\/freiburgerleben.de\/agb\/\",\"url\":\"https:\/\/freiburgerleben.de\/agb\/\",\"name\":\"AGB - Freiburgerleben\",\"isPartOf\":{\"@id\":\"https:\/\/freiburgerleben.de\/#website\"},\"datePublished\":\"2023-09-06T07:27:05+00:00\",\"dateModified\":\"2023-11-26T09:47:22+00:00\",\"inLanguage\":\"it-IT\",\"potentialAction\":[{\"@type\":\"ReadAction\",\"target\":[\"https:\/\/freiburgerleben.de\/agb\/\"]}]},{\"@type\":\"WebSite\",\"@id\":\"https:\/\/freiburgerleben.de\/#website\",\"url\":\"https:\/\/freiburgerleben.de\/\",\"name\":\"Freiburgerleben\",\"description\":\"Kulinarische Stadtf\u00fchrungen in Freiburg\",\"publisher\":{\"@id\":\"https:\/\/freiburgerleben.de\/#organization\"},\"potentialAction\":[{\"@type\":\"SearchAction\",\"target\":{\"@type\":\"EntryPoint\",\"urlTemplate\":\"https:\/\/freiburgerleben.de\/?s={search_term_string}\"},\"query-input\":\"required name=search_term_string\"}],\"inLanguage\":\"it-IT\"},{\"@type\":\"Organization\",\"@id\":\"https:\/\/freiburgerleben.de\/#organization\",\"name\":\"Freiburgerleben\",\"url\":\"https:\/\/freiburgerleben.de\/\",\"logo\":{\"@type\":\"ImageObject\",\"inLanguage\":\"it-IT\",\"@id\":\"https:\/\/freiburgerleben.de\/#\/schema\/logo\/image\/\",\"url\":\"https:\/\/fewordpress.live-website.com\/wp-content\/uploads\/2023\/04\/Freiburgerleben.png\",\"contentUrl\":\"https:\/\/fewordpress.live-website.com\/wp-content\/uploads\/2023\/04\/Freiburgerleben.png\",\"width\":512,\"height\":512,\"caption\":\"Freiburgerleben\"},\"image\":{\"@id\":\"https:\/\/freiburgerleben.de\/#\/schema\/logo\/image\/\"},\"sameAs\":[\"https:\/\/www.facebook.com\/freiburgerleben\",\"https:\/\/www.instagram.com\/freiburgerleben\/\"]}]}<\/script>\n<!-- \/ Yoast SEO plugin. -->","yoast_head_json":{"title":"AGB - Freiburgerleben","robots":{"index":"index","follow":"follow","max-snippet":"max-snippet:-1","max-image-preview":"max-image-preview:large","max-video-preview":"max-video-preview:-1"},"canonical":"https:\/\/freiburgerleben.de\/it\/agb\/","og_locale":"it_IT","og_type":"article","og_title":"AGB - Freiburgerleben","og_description":"Allgemeine Gesch\u00e4ftsbedingungen (AGB) Die nachfolgenden Bedingungen regeln das Rechtsverh\u00e4ltnis f\u00fcr alle Stadtf\u00fchrungen und Ausflugsfahrten zwischen den Kunden und &#8222;Freiburgerleben&#8220; und erg\u00e4nzen die reiserechtlichen Vorschriften des \u00a7 651a I BGB. Sie werden von dem Kunden mit der Buchung anerkannt. VERTRAGSABSCHLUSS M\u00fcndliche erteilte Auftr\u00e4ge erlangen erst nach schriftlicher Best\u00e4tigung durch &#8222;Freiburgerleben&#8220; Wirksamkeit. Der Vertrag kommt durch die &hellip; AGB Leggi altro &raquo;","og_url":"https:\/\/freiburgerleben.de\/it\/agb\/","og_site_name":"Freiburgerleben","article_publisher":"https:\/\/www.facebook.com\/freiburgerleben","article_modified_time":"2023-11-26T09:47:22+00:00","twitter_misc":{"Tempo di lettura stimato":"5 minuti"},"schema":{"@context":"https:\/\/schema.org","@graph":[{"@type":"WebPage","@id":"https:\/\/freiburgerleben.de\/agb\/","url":"https:\/\/freiburgerleben.de\/agb\/","name":"AGB - Freiburgerleben","isPartOf":{"@id":"https:\/\/freiburgerleben.de\/#website"},"datePublished":"2023-09-06T07:27:05+00:00","dateModified":"2023-11-26T09:47:22+00:00","inLanguage":"it-IT","potentialAction":[{"@type":"ReadAction","target":["https:\/\/freiburgerleben.de\/agb\/"]}]},{"@type":"WebSite","@id":"https:\/\/freiburgerleben.de\/#website","url":"https:\/\/freiburgerleben.de\/","name":"Freiburgerleben","description":"Kulinarische Stadtf\u00fchrungen in Freiburg","publisher":{"@id":"https:\/\/freiburgerleben.de\/#organization"},"potentialAction":[{"@type":"SearchAction","target":{"@type":"EntryPoint","urlTemplate":"https:\/\/freiburgerleben.de\/?s={search_term_string}"},"query-input":"required name=search_term_string"}],"inLanguage":"it-IT"},{"@type":"Organization","@id":"https:\/\/freiburgerleben.de\/#organization","name":"Freiburgerleben","url":"https:\/\/freiburgerleben.de\/","logo":{"@type":"ImageObject","inLanguage":"it-IT","@id":"https:\/\/freiburgerleben.de\/#\/schema\/logo\/image\/","url":"https:\/\/fewordpress.live-website.com\/wp-content\/uploads\/2023\/04\/Freiburgerleben.png","contentUrl":"https:\/\/fewordpress.live-website.com\/wp-content\/uploads\/2023\/04\/Freiburgerleben.png","width":512,"height":512,"caption":"Freiburgerleben"},"image":{"@id":"https:\/\/freiburgerleben.de\/#\/schema\/logo\/image\/"},"sameAs":["https:\/\/www.facebook.com\/freiburgerleben","https:\/\/www.instagram.com\/freiburgerleben\/"]}]}},"_links":{"self":[{"href":"https:\/\/freiburgerleben.de\/it\/wp-json\/wp\/v2\/pages\/5059","targetHints":{"allow":["GET"]}}],"collection":[{"href":"https:\/\/freiburgerleben.de\/it\/wp-json\/wp\/v2\/pages"}],"about":[{"href":"https:\/\/freiburgerleben.de\/it\/wp-json\/wp\/v2\/types\/page"}],"author":[{"embeddable":true,"href":"https:\/\/freiburgerleben.de\/it\/wp-json\/wp\/v2\/users\/1"}],"replies":[{"embeddable":true,"href":"https:\/\/freiburgerleben.de\/it\/wp-json\/wp\/v2\/comments?post=5059"}],"version-history":[{"count":14,"href":"https:\/\/freiburgerleben.de\/it\/wp-json\/wp\/v2\/pages\/5059\/revisions"}],"predecessor-version":[{"id":5313,"href":"https:\/\/freiburgerleben.de\/it\/wp-json\/wp\/v2\/pages\/5059\/revisions\/5313"}],"wp:attachment":[{"href":"https:\/\/freiburgerleben.de\/it\/wp-json\/wp\/v2\/media?parent=5059"}],"curies":[{"name":"wp","href":"https:\/\/api.w.org\/{rel}","templated":true}]}}