{"id":5314,"date":"2023-11-26T09:48:18","date_gmt":"2023-11-26T09:48:18","guid":{"rendered":"https:\/\/freiburgerleben.de\/?page_id=5314"},"modified":"2024-08-01T02:05:52","modified_gmt":"2024-08-01T02:05:52","slug":"agb-baechlepicknick","status":"publish","type":"page","link":"https:\/\/freiburgerleben.de\/it\/agb-baechlepicknick\/","title":{"rendered":"AGB - B\u00e4chlepicknick"},"content":{"rendered":"<div data-elementor-type=\"wp-page\" data-elementor-id=\"5314\" class=\"elementor elementor-5314\" data-elementor-post-type=\"page\">\n\t\t\t\t\t\t\t\t\t<section class=\"elementor-section elementor-top-section elementor-element elementor-element-867db90 elementor-section-boxed elementor-section-height-default elementor-section-height-default\" data-id=\"867db90\" data-element_type=\"section\" data-settings=\"{&quot;background_background&quot;:&quot;classic&quot;}\">\n\t\t\t\t\t\t<div class=\"elementor-container elementor-column-gap-default\">\n\t\t\t\t\t<div class=\"elementor-column elementor-col-100 elementor-top-column elementor-element elementor-element-8524743\" data-id=\"8524743\" data-element_type=\"column\">\n\t\t\t<div class=\"elementor-widget-wrap elementor-element-populated\">\n\t\t\t\t\t\t\t\t<div class=\"elementor-element elementor-element-dd0883b dual-color elementor-widget elementor-widget-heading\" data-id=\"dd0883b\" data-element_type=\"widget\" data-widget_type=\"heading.default\">\n\t\t\t\t<div class=\"elementor-widget-container\">\n\t\t\t<style>\/*! elementor - v3.15.0 - 20-08-2023 *\/\n.elementor-heading-title{padding:0;margin:0;line-height:1}.elementor-widget-heading .elementor-heading-title[class*=elementor-size-]>a{color:inherit;font-size:inherit;line-height:inherit}.elementor-widget-heading .elementor-heading-title.elementor-size-small{font-size:15px}.elementor-widget-heading .elementor-heading-title.elementor-size-medium{font-size:19px}.elementor-widget-heading .elementor-heading-title.elementor-size-large{font-size:29px}.elementor-widget-heading .elementor-heading-title.elementor-size-xl{font-size:39px}.elementor-widget-heading .elementor-heading-title.elementor-size-xxl{font-size:59px}<\/style><h3 class=\"elementor-heading-title elementor-size-default\">Condizioni generali di contratto (GTC) - B\u00e4chlepicknick<\/h3>\t\t<\/div>\n\t\t\t\t<\/div>\n\t\t\t\t<div class=\"elementor-element elementor-element-9afa9f8 elementor-widget elementor-widget-text-editor\" data-id=\"9afa9f8\" data-element_type=\"widget\" data-widget_type=\"text-editor.default\">\n\t\t\t\t<div class=\"elementor-widget-container\">\n\t\t\t<style>\/*! elementor - v3.15.0 - 20-08-2023 *\/\n.elementor-widget-text-editor.elementor-drop-cap-view-stacked .elementor-drop-cap{background-color:#69727d;color:#fff}.elementor-widget-text-editor.elementor-drop-cap-view-framed .elementor-drop-cap{color:#69727d;border:3px solid;background-color:transparent}.elementor-widget-text-editor:not(.elementor-drop-cap-view-default) .elementor-drop-cap{margin-top:8px}.elementor-widget-text-editor:not(.elementor-drop-cap-view-default) .elementor-drop-cap-letter{width:1em;height:1em}.elementor-widget-text-editor .elementor-drop-cap{float:left;text-align:center;line-height:1;font-size:50px}.elementor-widget-text-editor .elementor-drop-cap-letter{display:inline-block}<\/style>\t\t\t\t<p>Le seguenti condizioni regolano il rapporto giuridico tra i clienti e \"Freiburgerleben\" per tutti i tour e le escursioni in citt\u00e0 e integrano il regolamento di viaggio del \u00a7 651a I BGB. Esse vengono accettate dal cliente con la prenotazione.<\/p><ol><li><b>CONTRATTO<\/b><\/li><\/ol><p>Gli ordini verbali diventano effettivi solo dopo la conferma scritta di \"Freiburgerleben\". Il contratto si conclude con la conferma scritta della prenotazione da parte di \"Freiburgerleben\". Le richieste specificatamente espresse dal cliente devono essere espressamente confermate per iscritto da \"Freiburgerleben\". In caso contrario, non fanno parte del presente contratto.<\/p><ol start=\"2\"><li><b>PRESTAZIONI<\/b><\/li><\/ol><p>La portata e la natura delle prestazioni contrattuali si basano esclusivamente sulle informazioni contenute nella conferma e nella descrizione dei servizi del programma \"Freiburgerleben\" in vigore al momento del B\u00e4chlepicknicknick. Ci riserviamo il diritto di apportare modifiche a tali informazioni mediante apposite comunicazioni prima della stipula del contratto. I prezzi applicabili sono indicati nei nostri listini prezzi attuali. Ci riserviamo il diritto di apportare modifiche a breve termine ai singoli servizi durante il B\u00e4chlepicknicknick a causa di circostanze locali imprevedibili (ad es. mancanza d'acqua, condizioni meteorologiche, ecc.) o a causa di ritardi di cui \"Freiburgerleben\" non \u00e8 responsabile. Il B\u00e4chlepicknick organizzato da Freiburgerleben si svolge con qualsiasi tempo.<\/p><ol start=\"3\"><li style=\"font-size: 18px;\"><span style=\"font-weight: bold;\">ANNULLAMENTO E RIPRENOTAZIONE DA PARTE DEL CLIENTE<\/span><\/li><\/ol><p>Il cliente non pu\u00f2 annullare la prenotazione di un B\u00e4chlepicknicknick. Tuttavia, pu\u00f2 chiedere a Freiburgerleben di riprogrammare la sua partecipazione a un B\u00e4chlepicknicknick per un'altra data. La decisione spetta esclusivamente a Freiburgerleben e non richiede alcuna spiegazione. La possibilit\u00e0 di riprogrammazione termina 1 settimana prima della data prenotata.\u00a0<\/p><p>Qualsiasi modifica alla prenotazione originale, compreso il rinvio ad altra data o l'adeguamento dei prodotti prenotati, \u00e8 soggetta a un costo forfettario di 20 euro.<\/p><ol start=\"4\"><li style=\"font-size: 18px;\"><span style=\"font-weight: bold;\">Dimissioni e rinuncia da parte di \"Freiburgerleben<\/span><\/li><\/ol><p>\"Freiburgerleben\" pu\u00f2 recedere dal contratto prima dell'inizio del B\u00e4chlepicknicknick o annullare il contratto dopo l'inizio dell'evento nei seguenti casi:<\/p><p>a) senza preavviso, se il cliente disturba in modo persistente il B\u00e4chlepicknick indipendentemente da un avvertimento da parte di \"Freiburgerleben\" o se si comporta in modo gravemente inadempiente, la risoluzione immediata del contratto \u00e8 giustificata.<\/p><p>b) senza preavviso in circostanze eccezionali.<\/p><p>c) Sia \"Freiburgerleben\" che il cliente possono rescindere il contratto se la realizzazione del B\u00e4chlepicknicknick \u00e8 resa notevolmente pi\u00f9 difficile, minacciata o compromessa da cause di forza maggiore non prevedibili al momento della stipula del contratto.<\/p><ol start=\"5\"><li style=\"font-size: 18px;\"><span style=\"font-weight: bold;\">RESPONSABILIT\u00c0<\/span><\/li><\/ol><p>5.1 \"Freiburgerleben\" risponde nell'ambito dell'obbligo di diligenza di un imprenditore avveduto per:<\/p><p>a. preparazione e attuazione coscienziose;<\/p><p>b. l'attenta selezione e il monitoraggio dei fornitori di servizi;<\/p><p>c. la corretta fornitura dei servizi concordati contrattualmente<\/p><p>La partecipazione al B\u00e4chlepicknick \u00e8 a proprio rischio e pericolo (ad es. vetri rotti nel torrente). Ogni partecipante \u00e8 responsabile del rispetto del codice della strada. I minorenni possono partecipare solo se accompagnati da un genitore o da un tutore o da un insegnante tenuto a sorvegliarli. \"Freiburgerleben\" non risponde dei difetti di terzi. \"Freiburgerleben\" risponde solo dei danni causati da violazioni contrattuali dolose o gravemente colpose da parte di Freiburgerleben o dei suoi ausiliari. La limitazione di responsabilit\u00e0 non si applica ai danni derivanti da lesioni alla vita, al corpo o alla salute, che si basano su una violazione negligente dell'obbligo da parte dell'utente o su una violazione intenzionale o negligente dell'obbligo da parte di un rappresentante legale o di un agente ausiliario dell'utente. In tutti gli altri casi, la responsabilit\u00e0 riguarda esclusivamente l'adempimento dell'ambito dei servizi concordati ed \u00e8 limitata all'importo massimo del compenso. Il cliente \u00e8 tenuto a collaborare in caso di interruzioni del servizio, per evitare eventuali danni o per ridurli al minimo, nella misura in cui ci\u00f2 sia ragionevole. In particolare, il partecipante \u00e8 tenuto a sottoporre senza indugio eventuali reclami all'attenzione della direzione responsabile in loco. Se il cliente omette colpevolmente di segnalare un difetto alla direzione locale ed era ragionevole aspettarsi che lo facesse, non avr\u00e0 diritto ad alcun reclamo al riguardo.<\/p><ol start=\"6\"><li style=\"font-size: 18px;\"><span style=\"font-weight: bold;\">LIMITAZIONE, DIVIETO DI CESSIONE<\/span><\/li><\/ol><p>I reclami del cliente si prescrivono dopo sei mesi. Il termine di prescrizione decorre dal giorno dell'evento. Se il cliente ha fatto valere tali diritti, il termine di prescrizione \u00e8 sospeso fino al giorno in cui \"Freiburgerleben\" li respinge per iscritto.<\/p><ol start=\"7\"><li style=\"font-size: 18px;\"><span style=\"font-weight: bold;\">GENERALE<\/span><\/li><\/ol><p>Con la pubblicazione di nuovi opuscoli, tutte le nostre precedenti pubblicazioni sugli eventi con lo stesso nome perdono la loro validit\u00e0. Si declina ogni responsabilit\u00e0 per errori di stampa e di calcolo. L'invalidit\u00e0 di una parte di questi termini e condizioni non pregiudica la validit\u00e0 delle altre disposizioni.<\/p><ol start=\"8\"><li style=\"font-size: 18px;\"><span style=\"font-weight: bold;\">GIURISDIZIONE<\/span><\/li><\/ol><p>Per i commercianti, per le persone che non hanno un foro competente generale in Germania, nonch\u00e9 per le persone che hanno trasferito il loro domicilio o la loro residenza all'estero dopo la conclusione del contratto o il cui domicilio o la cui residenza abituale sono sconosciuti al momento della presentazione dell'azione, si concorda Friburgo in Brisgovia come foro competente, nella misura in cui ci\u00f2 sia legalmente consentito. Il diritto tedesco \u00e8 riconosciuto da tutti i partner contrattuali. Le presenti CGV sono valide a partire dal 30.11.2023.<\/p>\t\t\t\t\t\t<\/div>\n\t\t\t\t<\/div>\n\t\t\t\t\t<\/div>\n\t\t<\/div>\n\t\t\t\t\t\t\t<\/div>\n\t\t<\/section>\n\t\t\t\t\t\t\t<\/div>","protected":false},"excerpt":{"rendered":"<p>Condizioni generali di contratto (CG) - B\u00e4chlepicknick Le seguenti condizioni regolano il rapporto giuridico tra il cliente e \"Freiburgerleben\" per tutti i tour e le escursioni in citt\u00e0 e integrano le disposizioni del diritto dei viaggi di cui al \u00a7 651a I BGB. Esse sono riconosciute dal cliente con la prenotazione. CONCLUSIONE DEL CONTRATTO Gli ordini effettuati verbalmente diventano effettivi solo dopo la conferma scritta da parte di \"Freiburgerleben\". Il contratto viene ...<\/p>\n<p class=\"read-more\"> <a class=\"\" href=\"https:\/\/freiburgerleben.de\/it\/agb-baechlepicknick\/\"> <span class=\"screen-reader-text\">AGB - B\u00e4chlepicknick<\/span> Leggi altro \"<\/a><\/p>","protected":false},"author":3,"featured_media":0,"parent":0,"menu_order":0,"comment_status":"closed","ping_status":"closed","template":"","meta":{"site-sidebar-layout":"no-sidebar","site-content-layout":"page-builder","ast-site-content-layout":"full-width-container","site-content-style":"unboxed","site-sidebar-style":"unboxed","ast-global-header-display":"","ast-banner-title-visibility":"","ast-main-header-display":"","ast-hfb-above-header-display":"","ast-hfb-below-header-display":"","ast-hfb-mobile-header-display":"","site-post-title":"disabled","ast-breadcrumbs-content":"","ast-featured-img":"disabled","footer-sml-layout":"","theme-transparent-header-meta":"default","adv-header-id-meta":"","stick-header-meta":"default","header-above-stick-meta":"","header-main-stick-meta":"","header-below-stick-meta":"","astra-migrate-meta-layouts":"set","footnotes":""},"class_list":["post-5314","page","type-page","status-publish","hentry"],"acf":[],"yoast_head":"<!-- This site is optimized with the Yoast SEO plugin v21.1 - https:\/\/yoast.com\/wordpress\/plugins\/seo\/ -->\n<title>AGB - B\u00e4chlepicknick - Freiburgerleben<\/title>\n<meta name=\"robots\" content=\"index, follow, max-snippet:-1, max-image-preview:large, max-video-preview:-1\" \/>\n<link rel=\"canonical\" href=\"https:\/\/freiburgerleben.de\/it\/agb-baechlepicknick\/\" \/>\n<meta property=\"og:locale\" content=\"it_IT\" \/>\n<meta property=\"og:type\" content=\"article\" \/>\n<meta property=\"og:title\" content=\"AGB - B\u00e4chlepicknick - Freiburgerleben\" \/>\n<meta property=\"og:description\" content=\"Allgemeine Gesch\u00e4ftsbedingungen (AGB) &#8211; B\u00e4chlepicknick Die nachfolgenden Bedingungen regeln das Rechtsverh\u00e4ltnis f\u00fcr alle Stadtf\u00fchrungen und Ausflugsfahrten zwischen den Kunden und &#8222;Freiburgerleben&#8220; und erg\u00e4nzen die reiserechtlichen Vorschriften des \u00a7 651a I BGB. Sie werden von dem Kunden mit der Buchung anerkannt. VERTRAGSABSCHLUSS M\u00fcndliche erteilte Auftr\u00e4ge erlangen erst nach schriftlicher Best\u00e4tigung durch &#8222;Freiburgerleben&#8220; Wirksamkeit. Der Vertrag kommt &hellip; AGB &#8211; B\u00e4chlepicknick Leggi altro &raquo;\" \/>\n<meta property=\"og:url\" content=\"https:\/\/freiburgerleben.de\/it\/agb-baechlepicknick\/\" \/>\n<meta property=\"og:site_name\" content=\"Freiburgerleben\" \/>\n<meta property=\"article:publisher\" content=\"https:\/\/www.facebook.com\/freiburgerleben\" \/>\n<meta property=\"article:modified_time\" content=\"2024-08-01T02:05:52+00:00\" \/>\n<meta name=\"twitter:label1\" content=\"Tempo di lettura stimato\" \/>\n\t<meta name=\"twitter:data1\" content=\"4 minuti\" \/>\n<script type=\"application\/ld+json\" class=\"yoast-schema-graph\">{\"@context\":\"https:\/\/schema.org\",\"@graph\":[{\"@type\":\"WebPage\",\"@id\":\"https:\/\/freiburgerleben.de\/agb-baechlepicknick\/\",\"url\":\"https:\/\/freiburgerleben.de\/agb-baechlepicknick\/\",\"name\":\"AGB - B\u00e4chlepicknick - Freiburgerleben\",\"isPartOf\":{\"@id\":\"https:\/\/freiburgerleben.de\/#website\"},\"datePublished\":\"2023-11-26T09:48:18+00:00\",\"dateModified\":\"2024-08-01T02:05:52+00:00\",\"inLanguage\":\"it-IT\",\"potentialAction\":[{\"@type\":\"ReadAction\",\"target\":[\"https:\/\/freiburgerleben.de\/agb-baechlepicknick\/\"]}]},{\"@type\":\"WebSite\",\"@id\":\"https:\/\/freiburgerleben.de\/#website\",\"url\":\"https:\/\/freiburgerleben.de\/\",\"name\":\"Freiburgerleben\",\"description\":\"Kulinarische Stadtf\u00fchrungen in Freiburg\",\"publisher\":{\"@id\":\"https:\/\/freiburgerleben.de\/#organization\"},\"potentialAction\":[{\"@type\":\"SearchAction\",\"target\":{\"@type\":\"EntryPoint\",\"urlTemplate\":\"https:\/\/freiburgerleben.de\/?s={search_term_string}\"},\"query-input\":\"required name=search_term_string\"}],\"inLanguage\":\"it-IT\"},{\"@type\":\"Organization\",\"@id\":\"https:\/\/freiburgerleben.de\/#organization\",\"name\":\"Freiburgerleben\",\"url\":\"https:\/\/freiburgerleben.de\/\",\"logo\":{\"@type\":\"ImageObject\",\"inLanguage\":\"it-IT\",\"@id\":\"https:\/\/freiburgerleben.de\/#\/schema\/logo\/image\/\",\"url\":\"https:\/\/fewordpress.live-website.com\/wp-content\/uploads\/2023\/04\/Freiburgerleben.png\",\"contentUrl\":\"https:\/\/fewordpress.live-website.com\/wp-content\/uploads\/2023\/04\/Freiburgerleben.png\",\"width\":512,\"height\":512,\"caption\":\"Freiburgerleben\"},\"image\":{\"@id\":\"https:\/\/freiburgerleben.de\/#\/schema\/logo\/image\/\"},\"sameAs\":[\"https:\/\/www.facebook.com\/freiburgerleben\",\"https:\/\/www.instagram.com\/freiburgerleben\/\"]}]}<\/script>\n<!-- \/ Yoast SEO plugin. -->","yoast_head_json":{"title":"AGB - B\u00e4chlepicknick - Freiburgerleben","robots":{"index":"index","follow":"follow","max-snippet":"max-snippet:-1","max-image-preview":"max-image-preview:large","max-video-preview":"max-video-preview:-1"},"canonical":"https:\/\/freiburgerleben.de\/it\/agb-baechlepicknick\/","og_locale":"it_IT","og_type":"article","og_title":"AGB - B\u00e4chlepicknick - Freiburgerleben","og_description":"Allgemeine Gesch\u00e4ftsbedingungen (AGB) &#8211; B\u00e4chlepicknick Die nachfolgenden Bedingungen regeln das Rechtsverh\u00e4ltnis f\u00fcr alle Stadtf\u00fchrungen und Ausflugsfahrten zwischen den Kunden und &#8222;Freiburgerleben&#8220; und erg\u00e4nzen die reiserechtlichen Vorschriften des \u00a7 651a I BGB. Sie werden von dem Kunden mit der Buchung anerkannt. VERTRAGSABSCHLUSS M\u00fcndliche erteilte Auftr\u00e4ge erlangen erst nach schriftlicher Best\u00e4tigung durch &#8222;Freiburgerleben&#8220; Wirksamkeit. Der Vertrag kommt &hellip; AGB &#8211; B\u00e4chlepicknick Leggi altro &raquo;","og_url":"https:\/\/freiburgerleben.de\/it\/agb-baechlepicknick\/","og_site_name":"Freiburgerleben","article_publisher":"https:\/\/www.facebook.com\/freiburgerleben","article_modified_time":"2024-08-01T02:05:52+00:00","twitter_misc":{"Tempo di lettura stimato":"4 minuti"},"schema":{"@context":"https:\/\/schema.org","@graph":[{"@type":"WebPage","@id":"https:\/\/freiburgerleben.de\/agb-baechlepicknick\/","url":"https:\/\/freiburgerleben.de\/agb-baechlepicknick\/","name":"AGB - B\u00e4chlepicknick - Freiburgerleben","isPartOf":{"@id":"https:\/\/freiburgerleben.de\/#website"},"datePublished":"2023-11-26T09:48:18+00:00","dateModified":"2024-08-01T02:05:52+00:00","inLanguage":"it-IT","potentialAction":[{"@type":"ReadAction","target":["https:\/\/freiburgerleben.de\/agb-baechlepicknick\/"]}]},{"@type":"WebSite","@id":"https:\/\/freiburgerleben.de\/#website","url":"https:\/\/freiburgerleben.de\/","name":"Freiburgerleben","description":"Kulinarische Stadtf\u00fchrungen in Freiburg","publisher":{"@id":"https:\/\/freiburgerleben.de\/#organization"},"potentialAction":[{"@type":"SearchAction","target":{"@type":"EntryPoint","urlTemplate":"https:\/\/freiburgerleben.de\/?s={search_term_string}"},"query-input":"required name=search_term_string"}],"inLanguage":"it-IT"},{"@type":"Organization","@id":"https:\/\/freiburgerleben.de\/#organization","name":"Freiburgerleben","url":"https:\/\/freiburgerleben.de\/","logo":{"@type":"ImageObject","inLanguage":"it-IT","@id":"https:\/\/freiburgerleben.de\/#\/schema\/logo\/image\/","url":"https:\/\/fewordpress.live-website.com\/wp-content\/uploads\/2023\/04\/Freiburgerleben.png","contentUrl":"https:\/\/fewordpress.live-website.com\/wp-content\/uploads\/2023\/04\/Freiburgerleben.png","width":512,"height":512,"caption":"Freiburgerleben"},"image":{"@id":"https:\/\/freiburgerleben.de\/#\/schema\/logo\/image\/"},"sameAs":["https:\/\/www.facebook.com\/freiburgerleben","https:\/\/www.instagram.com\/freiburgerleben\/"]}]}},"_links":{"self":[{"href":"https:\/\/freiburgerleben.de\/it\/wp-json\/wp\/v2\/pages\/5314","targetHints":{"allow":["GET"]}}],"collection":[{"href":"https:\/\/freiburgerleben.de\/it\/wp-json\/wp\/v2\/pages"}],"about":[{"href":"https:\/\/freiburgerleben.de\/it\/wp-json\/wp\/v2\/types\/page"}],"author":[{"embeddable":true,"href":"https:\/\/freiburgerleben.de\/it\/wp-json\/wp\/v2\/users\/3"}],"replies":[{"embeddable":true,"href":"https:\/\/freiburgerleben.de\/it\/wp-json\/wp\/v2\/comments?post=5314"}],"version-history":[{"count":10,"href":"https:\/\/freiburgerleben.de\/it\/wp-json\/wp\/v2\/pages\/5314\/revisions"}],"predecessor-version":[{"id":5519,"href":"https:\/\/freiburgerleben.de\/it\/wp-json\/wp\/v2\/pages\/5314\/revisions\/5519"}],"wp:attachment":[{"href":"https:\/\/freiburgerleben.de\/it\/wp-json\/wp\/v2\/media?parent=5314"}],"curies":[{"name":"wp","href":"https:\/\/api.w.org\/{rel}","templated":true}]}}